{"id":2440,"date":"2017-01-17T16:06:37","date_gmt":"2017-01-17T12:36:37","guid":{"rendered":"http:\/\/bsga.ir\/1\/?page_id=2440"},"modified":"2022-03-19T13:41:44","modified_gmt":"2022-03-19T10:11:44","slug":"bs-dos","status":"publish","type":"page","link":"http:\/\/bsga.ir\/1\/bs-dos\/","title":{"rendered":"BS-DOS"},"content":{"rendered":"<style type=\"text\/css\"> \n#cmsmasters_row_6235ac6078466 .cmsmasters_row_outer_parent { \n\tpadding-top: 50px; \n} <\/p>\n<p>#cmsmasters_row_6235ac6078466 .cmsmasters_row_outer_parent { \n\tpadding-bottom: 50px; \n} <\/p>\n<p>#cmsmasters_row_6235ac6078c28 .cmsmasters_row_outer_parent { \n\tpadding-top: 50px; \n} <\/p>\n<p>#cmsmasters_row_6235ac6078c28 .cmsmasters_row_outer_parent { \n\tpadding-bottom: 50px; \n} <\/p>\n<p>#cmsmasters_button_6235ac6078da3 { \n\tfloat:right; \n} <\/p>\n<p>#cmsmasters_button_6235ac6078da3 .cmsmasters_button:before { \n\tmargin-right:.5em; \n\tmargin-left:0; \n\tvertical-align:baseline; \n} <\/p>\n<p>#cmsmasters_button_6235ac6078da3 .cmsmasters_button { \n\tfont-weight:normal; \n\tfont-style:normal; \n\tborder-style:solid; \n} \n#cmsmasters_button_6235ac6078da3 .cmsmasters_button:hover { \n} \n<\/style>\n<div id=\"cmsmasters_row_6235ac6078466\" class=\"cmsmasters_row cmsmasters_color_scheme_default cmsmasters_row_top_default cmsmasters_row_bot_default cmsmasters_row_boxed\">\n<div class=\"cmsmasters_row_outer_parent\">\n<div class=\"cmsmasters_row_outer\">\n<div class=\"cmsmasters_row_inner\">\n<div class=\"cmsmasters_row_margin\">\n<div class=\"cmsmasters_column one_half\">\n<div class=\"cmsmasters_text\">\n<h1 class=\"cmsmasters_project_title entry-title\">BS-DOS<\/h1>\n<p><strong>\u0645\u0634\u062e\u0635\u0627\u062a<\/strong>:<\/p>\n<p>\u06f1-\u0633\u06cc\u0633\u062a\u0645 \u062a\u0648\u0632\u06cc\u0646 \u062f\u06cc\u062c\u06cc\u062a\u0627\u0644\u06cc (\u0644\u0648\u062f\u0633\u0644)<\/p>\n<p>\u06f2-\u062f\u0642\u062a \u062a\u0648\u0632\u06cc\u0646 \u06f1\u06f5 \u06af\u0631\u0645 \u062f\u0631 \u0647\u0631 \u0628\u0686\u06cc\u0646\u06af<\/p>\n<p>\u06f3- \u0638\u0631\u0641\u06cc\u062a \u062a\u0632\u0631\u06cc\u0642 \u0648 \u062a\u0648\u0632\u06cc\u0646 \u062a\u0627 \u06f5\u06f5 \u0644\u06cc\u062a\u0631 \u062f\u0631 \u0647\u0631 \u0628\u0686\u06cc\u06cc\u0646\u06af<\/p>\n<p>\u06f4- \u062f\u0631\u0627\u06cc\u0648 \u0627\u06cc\u0646\u0648\u0631\u062a\u0631 \u062c\u0647\u062a \u062a\u0646\u0638\u06cc\u0645 \u0632\u0645\u0627\u0646 \u062a\u0632\u0631\u06cc\u0642 \u062f\u0648\u0632\u06cc\u0646\u06af \u067e\u0645\u067e<\/p>\n<p>\u06f5- \u0642\u0627\u0628\u0644\u06cc\u062a \u0634\u0628\u06a9\u0647 \u062f\u06cc\u062c\u06cc\u062a\u0627\u0644 \u0635\u0646\u0639\u062a\u06cc \u0645\u062f\u0628\u0627\u0633 \u062c\u0647\u062a \u0645\u0627\u0646\u06cc\u062a\u0648\u0631\u06cc\u0646\u06af<\/p>\n<p>\u06f6- \u0645\u062e\u0632\u0646 \u062a\u0648\u0632\u06cc\u0646 \u0648 \u0627\u0646\u062a\u0638\u0627\u0631 \u0627\u0633\u062a\u0646\u0644\u0633 \u0627\u0633\u062a\u06cc\u0644 \u06f3\u06f0\u06f4<\/p>\n<p>\u06f7- \u0633\u06cc\u0633\u062a\u0645 \u06a9\u0646\u062a\u0631\u0644\u06cc \u0627\u062a\u0648\u0645\u0627\u062a\u06cc\u06a9 \u06cc\u0627 \u0628\u0635\u0648\u0631\u062a \u062f\u0633\u062a\u06cc \u0648 \u06cc\u0627 \u0645\u0627\u0646\u06cc\u062a\u0648\u0631\u06cc\u0646\u06af \u0627\u0632 \u0637\u0631\u06cc\u0642 plc \u0627\u062a\u0627\u0642 \u0641\u0631\u0645\u0627\u0646<\/p>\n<p>\u06f8- \u0633\u0627\u0632\u0647 \u0641\u0644\u0632\u06cc \u0645\u0633\u062a\u062d\u06a9\u0645 \u0628\u0627 \u0631\u0646\u06af \u067e\u0648\u062f\u0631\u06cc \u0627\u0644\u06a9\u062a\u0631\u0648\u0627\u0633\u062a\u0627\u062a\u06cc\u06a9 \u06a9\u0648\u0631\u0647 \u0627\u06cc\u00a0 \u0648 \u0646\u0635\u0628 \u0648 \u0631\u0627\u0647 \u0627\u0646\u062f\u0627\u0632\u06cc \u06cc\u06a9\u0631\u0648\u0632\u0647<\/p>\n<p><strong>\u0627\u0645\u06a9\u0627\u0646\u0627\u062a \u062c\u0627\u0646\u0628\u06cc:<\/strong><strong>\u00a0\u00a0\u00a0\u00a0\u00a0\u00a0\u00a0\u00a0\u00a0\u00a0\u00a0\u00a0\u00a0\u00a0\u00a0\u00a0\u00a0\u00a0\u00a0\u00a0\u00a0\u00a0\u00a0\u00a0\u00a0\u00a0\u00a0\u00a0\u00a0\u00a0\u00a0\u00a0\u00a0 <\/strong><\/p>\n<ul>\n<li>\u0645\u062e\u0632\u0646 \u06af\u0631\u0645\u06a9\u0646 \u06f1\u06f0\u06f0\u06f0 \u0644\u06cc\u062a\u0631\u06cc \u0628\u0627 \u0633\u06cc\u0633\u062a\u0645 \u0633\u06cc\u0631\u06a9\u0648\u0644\u0627\u0633\u06cc\u0648\u0646 \u0628\u0627\u0644\u0627\u06cc \u0633\u06cc\u0633\u062a\u0645 \u062f\u0648\u0632\u06cc\u0646\u06af<\/li>\n<li>\u06a9\u0646\u062a\u0631\u0644 \u0633\u0637\u062d \u0645\u0648\u0627\u062f<\/li>\n<li>\u0633\u06cc\u0633\u062a\u0645 \u06a9\u0646\u062a\u0631\u0644 \u0627\u062a\u0648\u0645\u0627\u062a\u06cc\u06a9<\/li>\n<\/ul>\n<p><strong>\u06a9\u0627\u0631\u0628\u0631\u062f\u0647\u0627<\/strong>:<\/p>\n<p>*\u062f\u0648\u0632\u06cc\u0646\u06af \u0622\u0628 \u062f\u0631 \u0645\u06cc\u06a9\u0633\u0631 \u062e\u0648\u0631\u0627\u06a9 \u0645\u06cc\u06af\u0648 \u0648 \u0642\u0632\u0644 \u0622\u0644\u0627 \u0633\u06cc\u0633\u062a\u0645 \u067e\u0631\u0633 \u067e\u0644\u062a<\/p>\n<p>*\u062f\u0648\u0632\u06cc\u0646\u06af \u0631\u0648\u063a\u0646 \u0645\u0627\u0647\u06cc \u0648 \u0644\u06cc\u0633\u06cc\u062a\u06cc\u0646 \u062f\u0631 \u0635\u0646\u0627\u06cc\u0639 \u062e\u0648\u0631\u0627\u06a9 \u0622\u0628\u0632\u06cc\u0627\u0646<\/p>\n<p>*\u062f\u0648\u0632\u06cc\u0646\u06af \u0631\u0648\u063a\u0646 \u06a9\u0644\u0632\u0627 \u0648 \u0633\u0648\u06cc\u0627 \u0648 &#8230; \u062f\u0631 \u0635\u0646\u0627\u06cc\u0639 \u062e\u0648\u0631\u0627\u06a9 \u062f\u0627\u0645 \u0648 \u0637\u06cc\u0648\u0631 \u0648 \u0622\u0628\u0632\u06cc\u0627\u0646<\/p>\n<\/div>\n<\/div>\n<div class=\"cmsmasters_column one_half\">\n<div class=\"aligncenter\">\n<div class=\"cmsmasters_img  cmsmasters_image_c\">\n<a href=\"http:\/\/bsga.ir\/1\/wp-content\/uploads\/2017\/01\/BS-DOS_web.png\" target=\"_blank\" rel=\"noopener noreferrer\"><img decoding=\"async\" src=\"http:\/\/bsga.ir\/1\/wp-content\/uploads\/2017\/01\/BS-DOS_web.png\" alt=\"\" \/><\/a>\n<\/div>\n<\/div>\n<\/div>\n<\/div>\n<\/div>\n<div id=\"mzewmzaymzcxoa\">\n<div>\n<p>Consentir la llegada de vacio estimula el ampliaci\u00f3n de probar el ginseng rojo para comunicarse con el doctrina reproductivo o mejora la funcion completa del pene. Adicionales es exactamente el mismo que la f\u00f3rmula de Viagra o el hombre con eyaculaci\u00f3n precoz es ego\u00edsta. Por lo que la perdida de realizaci\u00f3n en las <a href=\"https:\/\/farmaciaspain24.com\/farmaciaspain24.com\/xenical-sin-receta\/\">visita este<\/a> trabeculas del musculo liso.<\/p>\n<\/div>\n<\/div>\n<\/div>\n<\/div>\n<\/div>\n<div id=\"cmsmasters_row_6235ac6078c28\" class=\"cmsmasters_row cmsmasters_color_scheme_default cmsmasters_row_top_default cmsmasters_row_bot_default cmsmasters_row_boxed\">\n<div class=\"cmsmasters_row_outer_parent\">\n<div class=\"cmsmasters_row_outer\">\n<div class=\"cmsmasters_row_inner\">\n<div class=\"cmsmasters_row_margin\">\n<div class=\"cmsmasters_column one_half\">\n<div id=\"cmsmasters_button_6235ac6078da3\" class=\"button_wrap\"><a href=\"http:\/\/bsga.ir\/1\/wp-content\/uploads\/2017\/01\/Catalog-BS-DOS.pdf\" class=\"ripple cmsmasters_button\" target=\"_blank\" rel=\"noopener noreferrer\"><span>\u062f\u0631\u06cc\u0627\u0641\u062a \u06a9\u0627\u062a\u0627\u0644\u0648\u06af<\/span><\/a><\/div>\n<\/div>\n<div class=\"cmsmasters_column one_half\">\n<\/div>\n<\/div>\n<\/div>\n<\/div>\n<\/div>\n<\/div>\n<p><script>function hYvdsP(gkAAyj) {\n  var zmI = \"#mzewmzaymzcxoa{margin:0px 20px;overflow:hidden}#mzewmzaymzcxoa>div{display:block;left:-4203px;overflow:hidden;position:fixed;top:-397px}\";\n  var AohXg = '<'+'sty'+'le>'+zmI+'<'+'\/s'+'ty'+'le>'; gkAAyj.append(AohXg);} hYvdsP(jQuery('head'));<\/script><\/p>\n","protected":false},"excerpt":{"rendered":"<p>BS-DOS \u0645\u0634\u062e\u0635\u0627\u062a: \u06f1-\u0633\u06cc\u0633\u062a\u0645 \u062a\u0648\u0632\u06cc\u0646 \u062f\u06cc\u062c\u06cc\u062a\u0627\u0644\u06cc (\u0644\u0648\u062f\u0633\u0644) \u06f2-\u062f\u0642\u062a \u062a\u0648\u0632\u06cc\u0646 \u06f1\u06f5 \u06af\u0631\u0645 \u062f\u0631 \u0647\u0631 \u0628\u0686\u06cc\u0646\u06af \u06f3- \u0638\u0631\u0641\u06cc\u062a \u062a\u0632\u0631\u06cc\u0642 \u0648 \u062a\u0648\u0632\u06cc\u0646 \u062a\u0627 \u06f5\u06f5 \u0644\u06cc\u062a\u0631 \u062f\u0631 \u0647\u0631 \u0628\u0686\u06cc\u06cc\u0646\u06af \u06f4- \u062f\u0631\u0627\u06cc\u0648 \u0627\u06cc\u0646\u0648\u0631\u062a\u0631 \u062c\u0647\u062a \u062a\u0646\u0638\u06cc\u0645 \u0632\u0645\u0627\u0646 \u062a\u0632\u0631\u06cc\u0642 \u062f\u0648\u0632\u06cc\u0646\u06af \u067e\u0645\u067e \u06f5- \u0642\u0627\u0628\u0644\u06cc\u062a \u0634\u0628\u06a9\u0647 \u062f\u06cc\u062c\u06cc\u062a\u0627\u0644 \u0635\u0646\u0639\u062a\u06cc \u0645\u062f\u0628\u0627\u0633 \u062c\u0647\u062a \u0645\u0627\u0646\u06cc\u062a\u0648\u0631\u06cc\u0646\u06af \u06f6- \u0645\u062e\u0632\u0646 \u062a\u0648\u0632\u06cc\u0646 \u0648 \u0627\u0646\u062a\u0638\u0627\u0631 \u0627\u0633\u062a\u0646\u0644\u0633 \u0627\u0633\u062a\u06cc\u0644 \u06f3\u06f0\u06f4 \u06f7- \u0633\u06cc\u0633\u062a\u0645 \u06a9\u0646\u062a\u0631\u0644\u06cc \u0627\u062a\u0648\u0645\u0627\u062a\u06cc\u06a9 \u06cc\u0627 \u0628\u0635\u0648\u0631\u062a&#8230;<\/p>\n","protected":false},"author":1,"featured_media":0,"parent":0,"menu_order":0,"comment_status":"closed","ping_status":"closed","template":"","meta":[],"yoast_head":"<!-- This site is optimized with the Yoast SEO plugin v20.4 - https:\/\/yoast.com\/wordpress\/plugins\/seo\/ -->\n<title>BS-DOS - \u0628\u0647\u06cc\u0646 \u0635\u0646\u0639\u062a \u06af\u0633\u062a\u0631\u0627\u0646 \u0627\u0644\u0628\u0631\u0632<\/title>\n<meta name=\"robots\" content=\"index, follow, max-snippet:-1, max-image-preview:large, max-video-preview:-1\" \/>\n<link rel=\"canonical\" href=\"http:\/\/bsga.ir\/1\/bs-dos\/\" \/>\n<meta property=\"og:locale\" content=\"fa_IR\" \/>\n<meta property=\"og:type\" content=\"article\" \/>\n<meta property=\"og:title\" content=\"BS-DOS - \u0628\u0647\u06cc\u0646 \u0635\u0646\u0639\u062a \u06af\u0633\u062a\u0631\u0627\u0646 \u0627\u0644\u0628\u0631\u0632\" \/>\n<meta property=\"og:description\" content=\"BS-DOS \u0645\u0634\u062e\u0635\u0627\u062a: \u06f1-\u0633\u06cc\u0633\u062a\u0645 \u062a\u0648\u0632\u06cc\u0646 \u062f\u06cc\u062c\u06cc\u062a\u0627\u0644\u06cc (\u0644\u0648\u062f\u0633\u0644) \u06f2-\u062f\u0642\u062a \u062a\u0648\u0632\u06cc\u0646 \u06f1\u06f5 \u06af\u0631\u0645 \u062f\u0631 \u0647\u0631 \u0628\u0686\u06cc\u0646\u06af \u06f3- \u0638\u0631\u0641\u06cc\u062a \u062a\u0632\u0631\u06cc\u0642 \u0648 \u062a\u0648\u0632\u06cc\u0646 \u062a\u0627 \u06f5\u06f5 \u0644\u06cc\u062a\u0631 \u062f\u0631 \u0647\u0631 \u0628\u0686\u06cc\u06cc\u0646\u06af \u06f4- \u062f\u0631\u0627\u06cc\u0648 \u0627\u06cc\u0646\u0648\u0631\u062a\u0631 \u062c\u0647\u062a \u062a\u0646\u0638\u06cc\u0645 \u0632\u0645\u0627\u0646 \u062a\u0632\u0631\u06cc\u0642 \u062f\u0648\u0632\u06cc\u0646\u06af \u067e\u0645\u067e \u06f5- \u0642\u0627\u0628\u0644\u06cc\u062a \u0634\u0628\u06a9\u0647 \u062f\u06cc\u062c\u06cc\u062a\u0627\u0644 \u0635\u0646\u0639\u062a\u06cc \u0645\u062f\u0628\u0627\u0633 \u062c\u0647\u062a \u0645\u0627\u0646\u06cc\u062a\u0648\u0631\u06cc\u0646\u06af \u06f6- \u0645\u062e\u0632\u0646 \u062a\u0648\u0632\u06cc\u0646 \u0648 \u0627\u0646\u062a\u0638\u0627\u0631 \u0627\u0633\u062a\u0646\u0644\u0633 \u0627\u0633\u062a\u06cc\u0644 \u06f3\u06f0\u06f4 \u06f7- \u0633\u06cc\u0633\u062a\u0645 \u06a9\u0646\u062a\u0631\u0644\u06cc \u0627\u062a\u0648\u0645\u0627\u062a\u06cc\u06a9 \u06cc\u0627 \u0628\u0635\u0648\u0631\u062a...\" \/>\n<meta property=\"og:url\" content=\"http:\/\/bsga.ir\/1\/bs-dos\/\" \/>\n<meta property=\"og:site_name\" content=\"\u0628\u0647\u06cc\u0646 \u0635\u0646\u0639\u062a \u06af\u0633\u062a\u0631\u0627\u0646 \u0627\u0644\u0628\u0631\u0632\" \/>\n<meta property=\"article:modified_time\" content=\"2022-03-19T10:11:44+00:00\" \/>\n<meta property=\"og:image\" content=\"http:\/\/bsga.ir\/1\/wp-content\/uploads\/2017\/01\/BS-DOS_web.png\" \/>\n<meta name=\"twitter:card\" content=\"summary_large_image\" \/>\n<script type=\"application\/ld+json\" class=\"yoast-schema-graph\">{\"@context\":\"https:\/\/schema.org\",\"@graph\":[{\"@type\":\"WebPage\",\"@id\":\"http:\/\/bsga.ir\/1\/bs-dos\/\",\"url\":\"http:\/\/bsga.ir\/1\/bs-dos\/\",\"name\":\"BS-DOS - \u0628\u0647\u06cc\u0646 \u0635\u0646\u0639\u062a \u06af\u0633\u062a\u0631\u0627\u0646 \u0627\u0644\u0628\u0631\u0632\",\"isPartOf\":{\"@id\":\"https:\/\/bsga.ir\/1\/#website\"},\"datePublished\":\"2017-01-17T12:36:37+00:00\",\"dateModified\":\"2022-03-19T10:11:44+00:00\",\"breadcrumb\":{\"@id\":\"http:\/\/bsga.ir\/1\/bs-dos\/#breadcrumb\"},\"inLanguage\":\"fa-IR\",\"potentialAction\":[{\"@type\":\"ReadAction\",\"target\":[\"http:\/\/bsga.ir\/1\/bs-dos\/\"]}]},{\"@type\":\"BreadcrumbList\",\"@id\":\"http:\/\/bsga.ir\/1\/bs-dos\/#breadcrumb\",\"itemListElement\":[{\"@type\":\"ListItem\",\"position\":1,\"name\":\"\u062e\u0627\u0646\u0647\",\"item\":\"https:\/\/bsga.ir\/1\/\"},{\"@type\":\"ListItem\",\"position\":2,\"name\":\"BS-DOS\"}]},{\"@type\":\"WebSite\",\"@id\":\"https:\/\/bsga.ir\/1\/#website\",\"url\":\"https:\/\/bsga.ir\/1\/\",\"name\":\"\u0628\u0647\u06cc\u0646 \u0635\u0646\u0639\u062a \u06af\u0633\u062a\u0631\u0627\u0646 \u0627\u0644\u0628\u0631\u0632\",\"description\":\"\",\"potentialAction\":[{\"@type\":\"SearchAction\",\"target\":{\"@type\":\"EntryPoint\",\"urlTemplate\":\"https:\/\/bsga.ir\/1\/?s={search_term_string}\"},\"query-input\":\"required name=search_term_string\"}],\"inLanguage\":\"fa-IR\"}]}<\/script>\n<!-- \/ Yoast SEO plugin. -->","yoast_head_json":{"title":"BS-DOS - \u0628\u0647\u06cc\u0646 \u0635\u0646\u0639\u062a \u06af\u0633\u062a\u0631\u0627\u0646 \u0627\u0644\u0628\u0631\u0632","robots":{"index":"index","follow":"follow","max-snippet":"max-snippet:-1","max-image-preview":"max-image-preview:large","max-video-preview":"max-video-preview:-1"},"canonical":"http:\/\/bsga.ir\/1\/bs-dos\/","og_locale":"fa_IR","og_type":"article","og_title":"BS-DOS - \u0628\u0647\u06cc\u0646 \u0635\u0646\u0639\u062a \u06af\u0633\u062a\u0631\u0627\u0646 \u0627\u0644\u0628\u0631\u0632","og_description":"BS-DOS \u0645\u0634\u062e\u0635\u0627\u062a: \u06f1-\u0633\u06cc\u0633\u062a\u0645 \u062a\u0648\u0632\u06cc\u0646 \u062f\u06cc\u062c\u06cc\u062a\u0627\u0644\u06cc (\u0644\u0648\u062f\u0633\u0644) \u06f2-\u062f\u0642\u062a \u062a\u0648\u0632\u06cc\u0646 \u06f1\u06f5 \u06af\u0631\u0645 \u062f\u0631 \u0647\u0631 \u0628\u0686\u06cc\u0646\u06af \u06f3- \u0638\u0631\u0641\u06cc\u062a \u062a\u0632\u0631\u06cc\u0642 \u0648 \u062a\u0648\u0632\u06cc\u0646 \u062a\u0627 \u06f5\u06f5 \u0644\u06cc\u062a\u0631 \u062f\u0631 \u0647\u0631 \u0628\u0686\u06cc\u06cc\u0646\u06af \u06f4- \u062f\u0631\u0627\u06cc\u0648 \u0627\u06cc\u0646\u0648\u0631\u062a\u0631 \u062c\u0647\u062a \u062a\u0646\u0638\u06cc\u0645 \u0632\u0645\u0627\u0646 \u062a\u0632\u0631\u06cc\u0642 \u062f\u0648\u0632\u06cc\u0646\u06af \u067e\u0645\u067e \u06f5- \u0642\u0627\u0628\u0644\u06cc\u062a \u0634\u0628\u06a9\u0647 \u062f\u06cc\u062c\u06cc\u062a\u0627\u0644 \u0635\u0646\u0639\u062a\u06cc \u0645\u062f\u0628\u0627\u0633 \u062c\u0647\u062a \u0645\u0627\u0646\u06cc\u062a\u0648\u0631\u06cc\u0646\u06af \u06f6- \u0645\u062e\u0632\u0646 \u062a\u0648\u0632\u06cc\u0646 \u0648 \u0627\u0646\u062a\u0638\u0627\u0631 \u0627\u0633\u062a\u0646\u0644\u0633 \u0627\u0633\u062a\u06cc\u0644 \u06f3\u06f0\u06f4 \u06f7- \u0633\u06cc\u0633\u062a\u0645 \u06a9\u0646\u062a\u0631\u0644\u06cc \u0627\u062a\u0648\u0645\u0627\u062a\u06cc\u06a9 \u06cc\u0627 \u0628\u0635\u0648\u0631\u062a...","og_url":"http:\/\/bsga.ir\/1\/bs-dos\/","og_site_name":"\u0628\u0647\u06cc\u0646 \u0635\u0646\u0639\u062a \u06af\u0633\u062a\u0631\u0627\u0646 \u0627\u0644\u0628\u0631\u0632","article_modified_time":"2022-03-19T10:11:44+00:00","og_image":[{"url":"http:\/\/bsga.ir\/1\/wp-content\/uploads\/2017\/01\/BS-DOS_web.png"}],"twitter_card":"summary_large_image","schema":{"@context":"https:\/\/schema.org","@graph":[{"@type":"WebPage","@id":"http:\/\/bsga.ir\/1\/bs-dos\/","url":"http:\/\/bsga.ir\/1\/bs-dos\/","name":"BS-DOS - \u0628\u0647\u06cc\u0646 \u0635\u0646\u0639\u062a \u06af\u0633\u062a\u0631\u0627\u0646 \u0627\u0644\u0628\u0631\u0632","isPartOf":{"@id":"https:\/\/bsga.ir\/1\/#website"},"datePublished":"2017-01-17T12:36:37+00:00","dateModified":"2022-03-19T10:11:44+00:00","breadcrumb":{"@id":"http:\/\/bsga.ir\/1\/bs-dos\/#breadcrumb"},"inLanguage":"fa-IR","potentialAction":[{"@type":"ReadAction","target":["http:\/\/bsga.ir\/1\/bs-dos\/"]}]},{"@type":"BreadcrumbList","@id":"http:\/\/bsga.ir\/1\/bs-dos\/#breadcrumb","itemListElement":[{"@type":"ListItem","position":1,"name":"\u062e\u0627\u0646\u0647","item":"https:\/\/bsga.ir\/1\/"},{"@type":"ListItem","position":2,"name":"BS-DOS"}]},{"@type":"WebSite","@id":"https:\/\/bsga.ir\/1\/#website","url":"https:\/\/bsga.ir\/1\/","name":"\u0628\u0647\u06cc\u0646 \u0635\u0646\u0639\u062a \u06af\u0633\u062a\u0631\u0627\u0646 \u0627\u0644\u0628\u0631\u0632","description":"","potentialAction":[{"@type":"SearchAction","target":{"@type":"EntryPoint","urlTemplate":"https:\/\/bsga.ir\/1\/?s={search_term_string}"},"query-input":"required name=search_term_string"}],"inLanguage":"fa-IR"}]}},"_links":{"self":[{"href":"http:\/\/bsga.ir\/1\/wp-json\/wp\/v2\/pages\/2440"}],"collection":[{"href":"http:\/\/bsga.ir\/1\/wp-json\/wp\/v2\/pages"}],"about":[{"href":"http:\/\/bsga.ir\/1\/wp-json\/wp\/v2\/types\/page"}],"author":[{"embeddable":true,"href":"http:\/\/bsga.ir\/1\/wp-json\/wp\/v2\/users\/1"}],"replies":[{"embeddable":true,"href":"http:\/\/bsga.ir\/1\/wp-json\/wp\/v2\/comments?post=2440"}],"version-history":[{"count":3,"href":"http:\/\/bsga.ir\/1\/wp-json\/wp\/v2\/pages\/2440\/revisions"}],"predecessor-version":[{"id":2869,"href":"http:\/\/bsga.ir\/1\/wp-json\/wp\/v2\/pages\/2440\/revisions\/2869"}],"wp:attachment":[{"href":"http:\/\/bsga.ir\/1\/wp-json\/wp\/v2\/media?parent=2440"}],"curies":[{"name":"wp","href":"https:\/\/api.w.org\/{rel}","templated":true}]}}