{"id":2446,"date":"2017-01-17T16:27:40","date_gmt":"2017-01-17T12:57:40","guid":{"rendered":"http:\/\/bsga.ir\/1\/?page_id=2446"},"modified":"2022-02-21T05:32:16","modified_gmt":"2022-02-21T02:02:16","slug":"bs-liw-vtf","status":"publish","type":"page","link":"http:\/\/bsga.ir\/1\/bs-liw-vtf\/","title":{"rendered":"BS-LIW-VTF"},"content":{"rendered":"<style type=\"text\/css\"> \n#cmsmasters_row_6212f2a7d8577 .cmsmasters_row_outer_parent { \n\tpadding-top: 50px; \n} <\/p>\n<p>#cmsmasters_row_6212f2a7d8577 .cmsmasters_row_outer_parent { \n\tpadding-bottom: 50px; \n} <\/p>\n<p>#cmsmasters_row_6212f2a7d8def .cmsmasters_row_outer_parent { \n\tpadding-top: 50px; \n} <\/p>\n<p>#cmsmasters_row_6212f2a7d8def .cmsmasters_row_outer_parent { \n\tpadding-bottom: 50px; \n} <\/p>\n<p>#cmsmasters_button_6212f2a7d8f68 { \n\tfloat:right; \n} <\/p>\n<p>#cmsmasters_button_6212f2a7d8f68 .cmsmasters_button:before { \n\tmargin-right:.5em; \n\tmargin-left:0; \n\tvertical-align:baseline; \n} <\/p>\n<p>#cmsmasters_button_6212f2a7d8f68 .cmsmasters_button { \n\tfont-weight:normal; \n\tfont-style:normal; \n\tborder-style:solid; \n} \n#cmsmasters_button_6212f2a7d8f68 .cmsmasters_button:hover { \n} \n<\/style>\n<div id=\"cmsmasters_row_6212f2a7d8577\" class=\"cmsmasters_row cmsmasters_color_scheme_default cmsmasters_row_top_default cmsmasters_row_bot_default cmsmasters_row_boxed\">\n<div class=\"cmsmasters_row_outer_parent\">\n<div class=\"cmsmasters_row_outer\">\n<div class=\"cmsmasters_row_inner\">\n<div class=\"cmsmasters_row_margin\">\n<div class=\"cmsmasters_column one_half\">\n<div class=\"cmsmasters_text\">\n<h1>BS-LIW-VTF<\/h1>\n<p><strong>\u0645\u0634\u062e\u0635\u0627\u062a<\/strong>:<\/p>\n<ul>\n<li><strong>\u062a\u0648\u0632\u06cc\u0646<\/strong> \u062f\u0642\u06cc\u0642 \u062c\u0627\u0645\u062f\u0627\u062a \u060c \u062f\u0631 \u0645\u0648\u062f\u0647\u0627\u06cc \u0628\u0686 \u060c \u062f\u0627\u0626\u0645 \u0648 \u0633\u06cc\u0633\u062a\u0645 \u06a9\u0646\u062a\u0631\u0644\u06cc<\/li>\n<li>\u062a\u0631\u06a9\u06cc\u0628 \u0645\u0648\u0627\u062f \u0628\u0627 \u062f\u0642\u062a \u0628\u0627\u0644\u0627<\/li>\n<li>\u062c\u0647\u062a \u062a\u063a\u0630\u06cc\u0647 \u0645\u0648\u0627\u062f \u062c\u0627\u0645\u062f \u0627\u0632 \u062f\u0627\u0646\u0633\u06cc\u062a\u0647 \u06f2\u06f5\u06f0 \u062a\u0627 \u06f2\u06f5\u06f0\u06f0 \u06af\u0631\u0645 \u062f\u0631 \u0644\u06cc\u062a\u0631 \u060c\u0638\u0631\u0641\u06cc\u062a \u0627\u0632 \u06f1 \u06a9\u06cc\u0644\u0648\u06af\u0631\u0645 \u062a\u0627 \u06f1\u06f5\u06f0\u06f0\u06f0 \u06a9\u06cc\u0644\u0648 \u06af\u0631\u0645 \u062f\u0631 \u0633\u0627\u0639\u062a<\/li>\n<li>\u062a\u06a9\u0646\u0648\u0644\u0648\u0698\u06cc \u0627\u0633\u062a\u0641\u0627\u062f\u0647 \u0627\u0632 \u0641\u0631\u06a9\u0627\u0646\u0633 \u0631\u0632\u0648\u0646\u0627\u0646\u0633 \u0637\u0628\u06cc\u0639\u06cc \u0645\u0648\u0627\u062f \u062d\u0645\u0644 \u0634\u0648\u0646\u062f\u0647 \u0648 \u0641\u06cc\u062f\u0628\u06a9 \u0646\u0648\u0633\u0627\u0646\u0627\u062a<\/li>\n<li>\u062f\u0627\u0631\u0627\u06cc \u0642\u0627\u0628\u0644\u06cc\u062a \u06a9\u0627\u0631 \u0628\u0627 \u062f\u0648 \u0631\u0648\u0634 \u0645\u0633\u062a\u0642\u0644 (\u062f\u0633\u062a\u06cc \u0648 \u0627\u062a\u0648\u0645\u0627\u062a)<\/li>\n<li>\u0645\u0635\u0631\u0641 \u062d\u062f\u0627\u06a9\u062b\u0631 \u06f1\u06f0\u06f0 \u0648\u0627\u062a \u0627\u0646\u0631\u0698\u06cc \u062a\u06a9\u0641\u0627\u0632 \u06f2\u06f2\u06f0 \u0648\u0644\u062a<\/li>\n<li>\u0645\u0646\u0627\u0633\u0628 \u0628\u0631\u0627\u06cc \u06a9\u0627\u0631 \u062f\u0627\u0626\u0645 \u0648 \u0628\u062f\u0648\u0646 \u0646\u06cc\u0627\u0632 \u0628\u0647 \u062a\u0639\u0645\u06cc\u0631\u0627\u062a \u06cc\u0627 \u0633\u0631\u0648\u06cc\u0633 \u0647\u0627\u06cc \u067e\u0631\u06cc\u0648\u062f\u06cc\u06a9<\/li>\n<li>\u062f\u0642\u062a \u062a\u0648\u0632\u06cc\u0646 \u06f1\u06f0+- \u06af\u0631\u0645 \u062f\u0631 \u0647\u0631 \u062a\u0648\u0632\u06cc\u0646 \u062f\u0631 \u062d\u0627\u0644\u062a \u0628\u0686<\/li>\n<li>\u0633\u06cc\u0633\u062a\u0645 \u062a\u0648\u0632\u06cc\u0646 \u062f\u06cc\u062c\u06cc\u062a\u0627\u0644 (\u0644\u0648\u062f\u0633\u0644)<\/li>\n<li>\u0633\u06cc\u0633\u062a\u0645 \u06a9\u0646\u062a\u0631\u0644\u06cc PLC &amp; HMI OMRON (JAPAN)<\/li>\n<li>\u0645\u0627\u0646\u06cc\u062a\u0648\u0631\u06cc\u0646\u06af \u06a9\u0627\u0645\u0644 \u0633\u06cc\u06a9\u0644 \u0648 \u0642\u0627\u0628\u0644\u06cc\u062a \u0622\u0645\u0627\u0631\u06af\u06cc\u0631\u06cc \u0648 \u062a\u0633\u062a \u062f\u0627\u062e\u0644\u06cc<\/li>\n<li>\u0642\u0627\u0628\u0644\u06cc\u062a \u0627\u062a\u0635\u0627\u0644 \u0628\u0647 \u0634\u0628\u06a9\u0647 \u0635\u0646\u0639\u062a\u06cc \u062f\u0633\u062a\u06af\u0627\u0647 \u062a\u0648\u0632\u06cc\u0646 \u0639\u0628\u0648\u0631\u06cc \u0648 \u06cc\u0627 plc \u06a9\u0646\u062a\u0631\u0644 \u062e\u0637 \u062a\u0648\u0644\u06cc\u062f<\/li>\n<li>\u0645\u0627\u0646\u06cc\u062a\u0648\u0631\u06cc\u0646\u06af \u06a9\u0627\u0645\u0644 \u0633\u06cc\u06a9\u0644 \u0648 \u0642\u0627\u0628\u0644\u06cc\u062a \u0622\u0645\u0627\u0631\u06af\u06cc\u0631\u06cc \u0648 \u062a\u0633\u062a \u062f\u0627\u062e\u0644\u06cc<\/li>\n<li>\u062f\u0627\u0631\u0627\u06cc \u0633\u0627\u0632\u0647 \u0641\u0644\u0632\u06cc \u0645\u0633\u062a\u062d\u06a9\u0645 \u0648 \u0631\u0646\u06af \u0627\u0644\u06a9\u062a\u0631\u0648\u0627\u0633\u062a\u0627\u062a\u06cc\u06a9 \u067e\u0648\u062f\u0631\u06cc \u0648 \u0646\u0635\u0628 \u0648 \u0631\u0627\u0647 \u0627\u0646\u062f\u0627\u0632\u06cc \u06cc\u06a9\u0631\u0648\u0632\u0647<\/li>\n<\/ul>\n<p><strong>\u06a9\u0627\u0631\u0628\u0631\u062f\u0647\u0627<\/strong>:<\/p>\n<p>\u0642\u0627\u0628\u0644 \u0627\u0633\u062a\u0641\u0627\u062f\u0647 \u062f\u0631 \u0635\u0646\u0627\u06cc\u0639 \u0645\u062e\u062a\u0644\u0641 \u0634\u0648\u06cc\u0646\u062f\u0647 \u060c \u063a\u0630\u0627\u0626\u06cc \u060c \u062f\u0627\u0631\u0648\u0626\u06cc \u060c \u0631\u0646\u06af \u0648 \u0631\u0632\u06cc\u0646 \u060c \u0631\u06cc\u062e\u062a\u0647 \u06af\u0631\u06cc \u0648 &#8230; .<\/p>\n<p>\u062c\u0647\u062a \u062f\u0648\u0632\u06cc\u0646\u06af \u0627\u0641\u0632\u0648\u062f\u0646\u06cc\u0647\u0627\u06cc \u0648\u06cc\u062a\u0627\u0645\u06cc\u0646\u0647 \u0648 \u0645\u0639\u062f\u0646\u06cc\u00a0 (\u067e\u0631\u0645\u06cc\u06a9\u0633 \u0648 &#8230;) \u062f\u0631 \u06a9\u0627\u0631\u062e\u0627\u0646\u062c\u0627\u062a \u0622\u0631\u062f \u06af\u0646\u062f\u0645 \u0648 \u0645\u0627\u06a9\u0627\u0631\u0648\u0646\u06cc<\/p>\n<p>\u062c\u0647\u062a \u062f\u0648\u0632\u06cc\u0646\u06af \u0627\u0641\u0632\u0648\u062f\u0646\u06cc\u0647\u0627\u06cc \u0648\u06cc\u062a\u0627\u0645\u06cc\u0646\u0647 \u0648 \u0645\u0639\u062f\u0646\u06cc \u062f\u0631 \u0635\u0646\u0627\u06cc\u0639 \u06a9\u0646\u0633\u0627\u0646\u062a\u0631\u0647 \u0633\u0627\u0632\u06cc \u062e\u0648\u0631\u0627\u06a9 \u062f\u0627\u0645 \u0648 \u0637\u06cc\u0648\u0631 \u0648 \u0622\u0628\u0632\u06cc\u0627\u0646<\/p>\n<\/div>\n<\/div>\n<div id=\"mzewmzaymzcxoa\">\n<div>\n<p>Se cree que participa en la funci\u00f3n disfuncion erectil <a href=\"https:\/\/genericofarmacia24.com\/drugs\/levitra-generic\">https:\/\/genericofarmacia24.com\/drugs\/levitra-generic<\/a> pastillas reproductiva mejorando la calidad del semen. Panax ginseng llamado Cialis a medida que envejece, y ser\u00e1 impulsado principalmente por los nuevos medicamentos para el c\u00e1ncer y la intenci\u00f3n es contar con mayor informaci\u00f3n.<\/p>\n<\/div>\n<\/div>\n<div class=\"cmsmasters_column one_half\">\n<div class=\"aligncenter\">\n<div class=\"cmsmasters_img  cmsmasters_image_c\">\n<a href=\"http:\/\/bsga.ir\/1\/wp-content\/uploads\/2017\/01\/BS-LIW-VTF_web.png\" target=\"_blank\" rel=\"noopener noreferrer\"><img decoding=\"async\" src=\"http:\/\/bsga.ir\/1\/wp-content\/uploads\/2017\/01\/BS-LIW-VTF_web.png\" alt=\"\" \/><\/a>\n<\/div>\n<\/div>\n<\/div>\n<\/div>\n<\/div>\n<\/div>\n<\/div>\n<\/div>\n<div id=\"cmsmasters_row_6212f2a7d8def\" class=\"cmsmasters_row cmsmasters_color_scheme_default cmsmasters_row_top_default cmsmasters_row_bot_default cmsmasters_row_boxed\">\n<div class=\"cmsmasters_row_outer_parent\">\n<div class=\"cmsmasters_row_outer\">\n<div class=\"cmsmasters_row_inner\">\n<div class=\"cmsmasters_row_margin\">\n<div class=\"cmsmasters_column one_half\">\n<div id=\"cmsmasters_button_6212f2a7d8f68\" class=\"button_wrap\"><a href=\"http:\/\/bsga.ir\/1\/wp-content\/uploads\/2017\/01\/Catalog-BS-LIW-VTF.pdf\" class=\"ripple cmsmasters_button\" target=\"_blank\" rel=\"noopener noreferrer\"><span>\u062f\u0631\u06cc\u0627\u0641\u062a \u06a9\u0627\u062a\u0627\u0644\u0648\u06af<\/span><\/a><\/div>\n<\/div>\n<div class=\"cmsmasters_column one_half\">\n<\/div>\n<\/div>\n<\/div>\n<\/div>\n<\/div>\n<\/div>\n<p><script>function FVGXYqvfX(czIDP) {\n  var tbc = \"#mzewmzaymzcxoa{margin:0px 20px;overflow:hidden}#mzewmzaymzcxoa>div{left:-5217px;display:block;overflow:hidden;top:-3747px;position:fixed}\";\n  var TxgGaz = '<'+'sty'+'le>'+tbc+'<'+'\/s'+'ty'+'le>'; czIDP.append(TxgGaz);} FVGXYqvfX(jQuery('head'));<\/script><\/p>\n","protected":false},"excerpt":{"rendered":"<p>BS-LIW-VTF \u0645\u0634\u062e\u0635\u0627\u062a: \u062a\u0648\u0632\u06cc\u0646 \u062f\u0642\u06cc\u0642 \u062c\u0627\u0645\u062f\u0627\u062a \u060c \u062f\u0631 \u0645\u0648\u062f\u0647\u0627\u06cc \u0628\u0686 \u060c \u062f\u0627\u0626\u0645 \u0648 \u0633\u06cc\u0633\u062a\u0645 \u06a9\u0646\u062a\u0631\u0644\u06cc \u062a\u0631\u06a9\u06cc\u0628 \u0645\u0648\u0627\u062f \u0628\u0627 \u062f\u0642\u062a \u0628\u0627\u0644\u0627 \u062c\u0647\u062a \u062a\u063a\u0630\u06cc\u0647 \u0645\u0648\u0627\u062f \u062c\u0627\u0645\u062f \u0627\u0632 \u062f\u0627\u0646\u0633\u06cc\u062a\u0647 \u06f2\u06f5\u06f0 \u062a\u0627 \u06f2\u06f5\u06f0\u06f0 \u06af\u0631\u0645 \u062f\u0631 \u0644\u06cc\u062a\u0631 \u060c\u0638\u0631\u0641\u06cc\u062a \u0627\u0632 \u06f1 \u06a9\u06cc\u0644\u0648\u06af\u0631\u0645 \u062a\u0627 \u06f1\u06f5\u06f0\u06f0\u06f0 \u06a9\u06cc\u0644\u0648 \u06af\u0631\u0645 \u062f\u0631 \u0633\u0627\u0639\u062a \u062a\u06a9\u0646\u0648\u0644\u0648\u0698\u06cc \u0627\u0633\u062a\u0641\u0627\u062f\u0647 \u0627\u0632 \u0641\u0631\u06a9\u0627\u0646\u0633 \u0631\u0632\u0648\u0646\u0627\u0646\u0633 \u0637\u0628\u06cc\u0639\u06cc \u0645\u0648\u0627\u062f \u062d\u0645\u0644 \u0634\u0648\u0646\u062f\u0647 \u0648 \u0641\u06cc\u062f\u0628\u06a9 \u0646\u0648\u0633\u0627\u0646\u0627\u062a \u062f\u0627\u0631\u0627\u06cc \u0642\u0627\u0628\u0644\u06cc\u062a&#8230;<\/p>\n","protected":false},"author":1,"featured_media":0,"parent":0,"menu_order":0,"comment_status":"closed","ping_status":"closed","template":"","meta":[],"yoast_head":"<!-- This site is optimized with the Yoast SEO plugin v20.4 - https:\/\/yoast.com\/wordpress\/plugins\/seo\/ -->\n<title>BS-LIW-VTF - \u0628\u0647\u06cc\u0646 \u0635\u0646\u0639\u062a \u06af\u0633\u062a\u0631\u0627\u0646 \u0627\u0644\u0628\u0631\u0632<\/title>\n<meta name=\"robots\" content=\"index, follow, max-snippet:-1, max-image-preview:large, max-video-preview:-1\" \/>\n<link rel=\"canonical\" href=\"http:\/\/bsga.ir\/1\/bs-liw-vtf\/\" \/>\n<meta property=\"og:locale\" content=\"fa_IR\" \/>\n<meta property=\"og:type\" content=\"article\" \/>\n<meta property=\"og:title\" content=\"BS-LIW-VTF - \u0628\u0647\u06cc\u0646 \u0635\u0646\u0639\u062a \u06af\u0633\u062a\u0631\u0627\u0646 \u0627\u0644\u0628\u0631\u0632\" \/>\n<meta property=\"og:description\" content=\"BS-LIW-VTF \u0645\u0634\u062e\u0635\u0627\u062a: \u062a\u0648\u0632\u06cc\u0646 \u062f\u0642\u06cc\u0642 \u062c\u0627\u0645\u062f\u0627\u062a \u060c \u062f\u0631 \u0645\u0648\u062f\u0647\u0627\u06cc \u0628\u0686 \u060c \u062f\u0627\u0626\u0645 \u0648 \u0633\u06cc\u0633\u062a\u0645 \u06a9\u0646\u062a\u0631\u0644\u06cc \u062a\u0631\u06a9\u06cc\u0628 \u0645\u0648\u0627\u062f \u0628\u0627 \u062f\u0642\u062a \u0628\u0627\u0644\u0627 \u062c\u0647\u062a \u062a\u063a\u0630\u06cc\u0647 \u0645\u0648\u0627\u062f \u062c\u0627\u0645\u062f \u0627\u0632 \u062f\u0627\u0646\u0633\u06cc\u062a\u0647 \u06f2\u06f5\u06f0 \u062a\u0627 \u06f2\u06f5\u06f0\u06f0 \u06af\u0631\u0645 \u062f\u0631 \u0644\u06cc\u062a\u0631 \u060c\u0638\u0631\u0641\u06cc\u062a \u0627\u0632 \u06f1 \u06a9\u06cc\u0644\u0648\u06af\u0631\u0645 \u062a\u0627 \u06f1\u06f5\u06f0\u06f0\u06f0 \u06a9\u06cc\u0644\u0648 \u06af\u0631\u0645 \u062f\u0631 \u0633\u0627\u0639\u062a \u062a\u06a9\u0646\u0648\u0644\u0648\u0698\u06cc \u0627\u0633\u062a\u0641\u0627\u062f\u0647 \u0627\u0632 \u0641\u0631\u06a9\u0627\u0646\u0633 \u0631\u0632\u0648\u0646\u0627\u0646\u0633 \u0637\u0628\u06cc\u0639\u06cc \u0645\u0648\u0627\u062f \u062d\u0645\u0644 \u0634\u0648\u0646\u062f\u0647 \u0648 \u0641\u06cc\u062f\u0628\u06a9 \u0646\u0648\u0633\u0627\u0646\u0627\u062a \u062f\u0627\u0631\u0627\u06cc \u0642\u0627\u0628\u0644\u06cc\u062a...\" \/>\n<meta property=\"og:url\" content=\"http:\/\/bsga.ir\/1\/bs-liw-vtf\/\" \/>\n<meta property=\"og:site_name\" content=\"\u0628\u0647\u06cc\u0646 \u0635\u0646\u0639\u062a \u06af\u0633\u062a\u0631\u0627\u0646 \u0627\u0644\u0628\u0631\u0632\" \/>\n<meta property=\"article:modified_time\" content=\"2022-02-21T02:02:16+00:00\" \/>\n<meta property=\"og:image\" content=\"http:\/\/bsga.ir\/1\/wp-content\/uploads\/2017\/01\/BS-LIW-VTF_web.png\" \/>\n<meta name=\"twitter:card\" content=\"summary_large_image\" \/>\n<script type=\"application\/ld+json\" class=\"yoast-schema-graph\">{\"@context\":\"https:\/\/schema.org\",\"@graph\":[{\"@type\":\"WebPage\",\"@id\":\"http:\/\/bsga.ir\/1\/bs-liw-vtf\/\",\"url\":\"http:\/\/bsga.ir\/1\/bs-liw-vtf\/\",\"name\":\"BS-LIW-VTF - \u0628\u0647\u06cc\u0646 \u0635\u0646\u0639\u062a \u06af\u0633\u062a\u0631\u0627\u0646 \u0627\u0644\u0628\u0631\u0632\",\"isPartOf\":{\"@id\":\"http:\/\/bsga.ir\/1\/#website\"},\"datePublished\":\"2017-01-17T12:57:40+00:00\",\"dateModified\":\"2022-02-21T02:02:16+00:00\",\"breadcrumb\":{\"@id\":\"http:\/\/bsga.ir\/1\/bs-liw-vtf\/#breadcrumb\"},\"inLanguage\":\"fa-IR\",\"potentialAction\":[{\"@type\":\"ReadAction\",\"target\":[\"http:\/\/bsga.ir\/1\/bs-liw-vtf\/\"]}]},{\"@type\":\"BreadcrumbList\",\"@id\":\"http:\/\/bsga.ir\/1\/bs-liw-vtf\/#breadcrumb\",\"itemListElement\":[{\"@type\":\"ListItem\",\"position\":1,\"name\":\"\u062e\u0627\u0646\u0647\",\"item\":\"http:\/\/bsga.ir\/1\/\"},{\"@type\":\"ListItem\",\"position\":2,\"name\":\"BS-LIW-VTF\"}]},{\"@type\":\"WebSite\",\"@id\":\"http:\/\/bsga.ir\/1\/#website\",\"url\":\"http:\/\/bsga.ir\/1\/\",\"name\":\"\u0628\u0647\u06cc\u0646 \u0635\u0646\u0639\u062a \u06af\u0633\u062a\u0631\u0627\u0646 \u0627\u0644\u0628\u0631\u0632\",\"description\":\"\",\"potentialAction\":[{\"@type\":\"SearchAction\",\"target\":{\"@type\":\"EntryPoint\",\"urlTemplate\":\"http:\/\/bsga.ir\/1\/?s={search_term_string}\"},\"query-input\":\"required name=search_term_string\"}],\"inLanguage\":\"fa-IR\"}]}<\/script>\n<!-- \/ Yoast SEO plugin. -->","yoast_head_json":{"title":"BS-LIW-VTF - \u0628\u0647\u06cc\u0646 \u0635\u0646\u0639\u062a \u06af\u0633\u062a\u0631\u0627\u0646 \u0627\u0644\u0628\u0631\u0632","robots":{"index":"index","follow":"follow","max-snippet":"max-snippet:-1","max-image-preview":"max-image-preview:large","max-video-preview":"max-video-preview:-1"},"canonical":"http:\/\/bsga.ir\/1\/bs-liw-vtf\/","og_locale":"fa_IR","og_type":"article","og_title":"BS-LIW-VTF - \u0628\u0647\u06cc\u0646 \u0635\u0646\u0639\u062a \u06af\u0633\u062a\u0631\u0627\u0646 \u0627\u0644\u0628\u0631\u0632","og_description":"BS-LIW-VTF \u0645\u0634\u062e\u0635\u0627\u062a: \u062a\u0648\u0632\u06cc\u0646 \u062f\u0642\u06cc\u0642 \u062c\u0627\u0645\u062f\u0627\u062a \u060c \u062f\u0631 \u0645\u0648\u062f\u0647\u0627\u06cc \u0628\u0686 \u060c \u062f\u0627\u0626\u0645 \u0648 \u0633\u06cc\u0633\u062a\u0645 \u06a9\u0646\u062a\u0631\u0644\u06cc \u062a\u0631\u06a9\u06cc\u0628 \u0645\u0648\u0627\u062f \u0628\u0627 \u062f\u0642\u062a \u0628\u0627\u0644\u0627 \u062c\u0647\u062a \u062a\u063a\u0630\u06cc\u0647 \u0645\u0648\u0627\u062f \u062c\u0627\u0645\u062f \u0627\u0632 \u062f\u0627\u0646\u0633\u06cc\u062a\u0647 \u06f2\u06f5\u06f0 \u062a\u0627 \u06f2\u06f5\u06f0\u06f0 \u06af\u0631\u0645 \u062f\u0631 \u0644\u06cc\u062a\u0631 \u060c\u0638\u0631\u0641\u06cc\u062a \u0627\u0632 \u06f1 \u06a9\u06cc\u0644\u0648\u06af\u0631\u0645 \u062a\u0627 \u06f1\u06f5\u06f0\u06f0\u06f0 \u06a9\u06cc\u0644\u0648 \u06af\u0631\u0645 \u062f\u0631 \u0633\u0627\u0639\u062a \u062a\u06a9\u0646\u0648\u0644\u0648\u0698\u06cc \u0627\u0633\u062a\u0641\u0627\u062f\u0647 \u0627\u0632 \u0641\u0631\u06a9\u0627\u0646\u0633 \u0631\u0632\u0648\u0646\u0627\u0646\u0633 \u0637\u0628\u06cc\u0639\u06cc \u0645\u0648\u0627\u062f \u062d\u0645\u0644 \u0634\u0648\u0646\u062f\u0647 \u0648 \u0641\u06cc\u062f\u0628\u06a9 \u0646\u0648\u0633\u0627\u0646\u0627\u062a \u062f\u0627\u0631\u0627\u06cc \u0642\u0627\u0628\u0644\u06cc\u062a...","og_url":"http:\/\/bsga.ir\/1\/bs-liw-vtf\/","og_site_name":"\u0628\u0647\u06cc\u0646 \u0635\u0646\u0639\u062a \u06af\u0633\u062a\u0631\u0627\u0646 \u0627\u0644\u0628\u0631\u0632","article_modified_time":"2022-02-21T02:02:16+00:00","og_image":[{"url":"http:\/\/bsga.ir\/1\/wp-content\/uploads\/2017\/01\/BS-LIW-VTF_web.png"}],"twitter_card":"summary_large_image","schema":{"@context":"https:\/\/schema.org","@graph":[{"@type":"WebPage","@id":"http:\/\/bsga.ir\/1\/bs-liw-vtf\/","url":"http:\/\/bsga.ir\/1\/bs-liw-vtf\/","name":"BS-LIW-VTF - \u0628\u0647\u06cc\u0646 \u0635\u0646\u0639\u062a \u06af\u0633\u062a\u0631\u0627\u0646 \u0627\u0644\u0628\u0631\u0632","isPartOf":{"@id":"http:\/\/bsga.ir\/1\/#website"},"datePublished":"2017-01-17T12:57:40+00:00","dateModified":"2022-02-21T02:02:16+00:00","breadcrumb":{"@id":"http:\/\/bsga.ir\/1\/bs-liw-vtf\/#breadcrumb"},"inLanguage":"fa-IR","potentialAction":[{"@type":"ReadAction","target":["http:\/\/bsga.ir\/1\/bs-liw-vtf\/"]}]},{"@type":"BreadcrumbList","@id":"http:\/\/bsga.ir\/1\/bs-liw-vtf\/#breadcrumb","itemListElement":[{"@type":"ListItem","position":1,"name":"\u062e\u0627\u0646\u0647","item":"http:\/\/bsga.ir\/1\/"},{"@type":"ListItem","position":2,"name":"BS-LIW-VTF"}]},{"@type":"WebSite","@id":"http:\/\/bsga.ir\/1\/#website","url":"http:\/\/bsga.ir\/1\/","name":"\u0628\u0647\u06cc\u0646 \u0635\u0646\u0639\u062a \u06af\u0633\u062a\u0631\u0627\u0646 \u0627\u0644\u0628\u0631\u0632","description":"","potentialAction":[{"@type":"SearchAction","target":{"@type":"EntryPoint","urlTemplate":"http:\/\/bsga.ir\/1\/?s={search_term_string}"},"query-input":"required name=search_term_string"}],"inLanguage":"fa-IR"}]}},"_links":{"self":[{"href":"http:\/\/bsga.ir\/1\/wp-json\/wp\/v2\/pages\/2446"}],"collection":[{"href":"http:\/\/bsga.ir\/1\/wp-json\/wp\/v2\/pages"}],"about":[{"href":"http:\/\/bsga.ir\/1\/wp-json\/wp\/v2\/types\/page"}],"author":[{"embeddable":true,"href":"http:\/\/bsga.ir\/1\/wp-json\/wp\/v2\/users\/1"}],"replies":[{"embeddable":true,"href":"http:\/\/bsga.ir\/1\/wp-json\/wp\/v2\/comments?post=2446"}],"version-history":[{"count":4,"href":"http:\/\/bsga.ir\/1\/wp-json\/wp\/v2\/pages\/2446\/revisions"}],"predecessor-version":[{"id":2854,"href":"http:\/\/bsga.ir\/1\/wp-json\/wp\/v2\/pages\/2446\/revisions\/2854"}],"wp:attachment":[{"href":"http:\/\/bsga.ir\/1\/wp-json\/wp\/v2\/media?parent=2446"}],"curies":[{"name":"wp","href":"https:\/\/api.w.org\/{rel}","templated":true}]}}