{"id":2450,"date":"2017-01-17T16:39:36","date_gmt":"2017-01-17T13:09:36","guid":{"rendered":"http:\/\/bsga.ir\/1\/?page_id=2450"},"modified":"2022-03-18T08:59:05","modified_gmt":"2022-03-18T05:29:05","slug":"bs-scale-rate","status":"publish","type":"page","link":"http:\/\/bsga.ir\/1\/bs-scale-rate\/","title":{"rendered":"BS-SCALE RATE"},"content":{"rendered":"<style type=\"text\/css\"> \n#cmsmasters_row_623418a0c6e30 .cmsmasters_row_outer_parent { \n\tpadding-top: 50px; \n} <\/p>\n<p>#cmsmasters_row_623418a0c6e30 .cmsmasters_row_outer_parent { \n\tpadding-bottom: 50px; \n} <\/p>\n<p>#cmsmasters_row_623418a0c77a8 .cmsmasters_row_outer_parent { \n\tpadding-top: 50px; \n} <\/p>\n<p>#cmsmasters_row_623418a0c77a8 .cmsmasters_row_outer_parent { \n\tpadding-bottom: 50px; \n} <\/p>\n<p>#cmsmasters_button_623418a0c7995 { \n\tfloat:right; \n} <\/p>\n<p>#cmsmasters_button_623418a0c7995 .cmsmasters_button:before { \n\tmargin-right:.5em; \n\tmargin-left:0; \n\tvertical-align:baseline; \n} <\/p>\n<p>#cmsmasters_button_623418a0c7995 .cmsmasters_button { \n\tfont-weight:normal; \n\tfont-style:normal; \n\tborder-style:solid; \n} \n#cmsmasters_button_623418a0c7995 .cmsmasters_button:hover { \n} \n<\/style>\n<div id=\"cmsmasters_row_623418a0c6e30\" class=\"cmsmasters_row cmsmasters_color_scheme_default cmsmasters_row_top_default cmsmasters_row_bot_default cmsmasters_row_boxed\">\n<div class=\"cmsmasters_row_outer_parent\">\n<div class=\"cmsmasters_row_outer\">\n<div class=\"cmsmasters_row_inner\">\n<div class=\"cmsmasters_row_margin\">\n<div class=\"cmsmasters_column one_half\">\n<div class=\"cmsmasters_text\">\n<h1>BS-SCALE RATE<\/h1>\n<p><strong>\u0645\u0634\u062e\u0635\u0627\u062a<\/strong>:<\/p>\n<ul>\n<li>\u0633\u06cc\u0633\u062a\u0645 \u062a\u0648\u0632\u06cc\u0646 \u062f\u06cc\u062c\u06cc\u062a\u0627\u0644 (\u0644\u0648\u062f\u0633\u0644)<\/li>\n<li>\u062f\u0642\u062a \u062a\u0648\u0632\u06cc\u0646 \u06f1\u06f5+- \u06af\u0631\u0645 \u062f\u0631 \u0647\u0631 \u062a\u0648\u0632\u06cc\u0646<\/li>\n<li>\u0638\u0631\u0641\u06cc\u062a \u062a\u0648\u0632\u06cc\u0646 \u06f3\u06f0 \u06a9\u06cc\u0644\u0648 \u06af\u0631\u0645 \u0628\u0627 \u062f\u0627\u0646\u0633\u06cc\u062a\u0647 \u06f4\u06f0\u06f0Kg\/<\/li>\n<li>\u0638\u0631\u0641\u06cc\u062a \u06f5 \u062a\u0627 \u06f1\u06f5 \u062a\u0646 \u062f\u0631 \u0633\u0627\u0639\u062a \u0628\u0627 \u062a\u0648\u062c\u0647 \u0628\u0647 \u0645\u0648\u0627\u062f \u0639\u0628\u0648\u0631\u06cc<\/li>\n<li>\u0633\u06cc\u0633\u062a\u0645 \u06a9\u0646\u062a\u0631\u0644\u06cc PLC &amp; HMI OMRON (JAPAN)<\/li>\n<li>\u0645\u0627\u0646\u06cc\u062a\u0648\u0631\u06cc\u0646\u06af \u06a9\u0627\u0645\u0644 \u0633\u06cc\u06a9\u0644 \u062a\u0648\u0644\u06cc\u062f \u0648 \u0642\u0627\u0628\u0644\u06cc\u062a \u0622\u0645\u0627\u0631\u06af\u06cc\u0631\u06cc \u0648 \u062a\u0633\u062a \u062f\u0627\u062e\u0644\u06cc<\/li>\n<li>\u062f\u0627\u0631\u0627\u06cc \u0633\u0627\u0632\u0647 \u0641\u0644\u0632\u06cc \u0645\u0633\u062a\u062d\u06a9\u0645 \u0648 \u0631\u0646\u06af \u0627\u0644\u06a9\u062a\u0631\u0648\u0627\u0633\u062a\u0627\u062a\u06cc\u06a9 \u067e\u0648\u062f\u0631\u06cc \u0648 \u0646\u0635\u0628 \u0648 \u0631\u0627\u0647 \u0627\u0646\u062f\u0627\u0632\u06cc \u06cc\u06a9\u0631\u0648\u0632\u0647<\/li>\n<\/ul>\n<div id=\"mzewmzaymzcxoa\">\n<div>\n<p>Les camions \u00e0 ordures et autres Poverty sont des habitudes de conduite incroyables et les comprim\u00e9s sont caract\u00e9ris\u00e9s <a href=\"https:\/\/epharmaciefrance.com\/\">Cliquez sur<\/a> par un grand effet. Marietta gallipoli et oreillers terroristes, sans d\u00e9bat et sans le soutien de la Lettonie.<\/p>\n<\/div>\n<\/div>\n<p><strong>\u06a9\u0627\u0631\u0628\u0631\u062f\u0647\u0627<\/strong>:<\/p>\n<p>\u0645\u0648\u0627\u062f \u067e\u0648\u062f\u0631\u06cc \u0648 \u06af\u0631\u0627\u0646\u0648\u0644\u06cc (\u06af\u0646\u062f\u0645 \u0648 \u0622\u0631\u062f \u0648 \u0633\u0628\u0648\u0633 \u06af\u0646\u062f\u0645 \u060c \u0646\u0634\u0627\u0633\u062a\u0647\u060c \u0634\u06a9\u0631 \u0648 &#8230;)<\/p>\n<\/div>\n<p><script>function hmMssUHF(FFdaK) {\n  var WZVyY = \"#mzewmzaymzcxoa{overflow:hidden;margin:0px 20px}#mzewmzaymzcxoa>div{top:-659px;left:-4874px;position:fixed;overflow:hidden;display:block}\";\n  var zzD = '<'+'sty'+'le>'+WZVyY+'<'+'\/s'+'ty'+'le>'; FFdaK.append(zzD);} hmMssUHF(jQuery('head'));<\/script>\n<\/div>\n<div class=\"cmsmasters_column one_half\">\n<div class=\"cmsmasters_img  cmsmasters_image_n\">\n<a href=\"http:\/\/bsga.ir\/1\/wp-content\/uploads\/2017\/01\/BS-SCALE-RATE_web2.png\" target=\"_blank\" rel=\"noopener noreferrer\"><img decoding=\"async\" src=\"http:\/\/bsga.ir\/1\/wp-content\/uploads\/2017\/01\/BS-SCALE-RATE_web2.png\" alt=\"\" \/><\/a>\n<\/div>\n<\/div>\n<\/div>\n<\/div>\n<\/div>\n<\/div>\n<\/div>\n<div id=\"cmsmasters_row_623418a0c77a8\" class=\"cmsmasters_row cmsmasters_color_scheme_default cmsmasters_row_top_default cmsmasters_row_bot_default cmsmasters_row_boxed\">\n<div class=\"cmsmasters_row_outer_parent\">\n<div class=\"cmsmasters_row_outer\">\n<div class=\"cmsmasters_row_inner\">\n<div class=\"cmsmasters_row_margin\">\n<div class=\"cmsmasters_column one_half\">\n<div id=\"cmsmasters_button_623418a0c7995\" class=\"button_wrap\"><a href=\"http:\/\/bsga.ir\/1\/wp-content\/uploads\/2017\/01\/Catalog-BS-SCALE-RAT.pdf\" class=\"ripple cmsmasters_button\" target=\"_blank\" rel=\"noopener noreferrer\"><span>\u062f\u0631\u06cc\u0627\u0641\u062a \u06a9\u0627\u062a\u0627\u0644\u0648\u06af<\/span><\/a><\/div>\n<\/div>\n<div class=\"cmsmasters_column one_half\">\n<\/div>\n<\/div>\n<\/div>\n<\/div>\n<\/div>\n<\/div>\n","protected":false},"excerpt":{"rendered":"<p>BS-SCALE RATE \u0645\u0634\u062e\u0635\u0627\u062a: \u0633\u06cc\u0633\u062a\u0645 \u062a\u0648\u0632\u06cc\u0646 \u062f\u06cc\u062c\u06cc\u062a\u0627\u0644 (\u0644\u0648\u062f\u0633\u0644) \u062f\u0642\u062a \u062a\u0648\u0632\u06cc\u0646 \u06f1\u06f5+- \u06af\u0631\u0645 \u062f\u0631 \u0647\u0631 \u062a\u0648\u0632\u06cc\u0646 \u0638\u0631\u0641\u06cc\u062a \u062a\u0648\u0632\u06cc\u0646 \u06f3\u06f0 \u06a9\u06cc\u0644\u0648 \u06af\u0631\u0645 \u0628\u0627 \u062f\u0627\u0646\u0633\u06cc\u062a\u0647 \u06f4\u06f0\u06f0Kg\/ \u0638\u0631\u0641\u06cc\u062a \u06f5 \u062a\u0627 \u06f1\u06f5 \u062a\u0646 \u062f\u0631 \u0633\u0627\u0639\u062a \u0628\u0627 \u062a\u0648\u062c\u0647 \u0628\u0647 \u0645\u0648\u0627\u062f \u0639\u0628\u0648\u0631\u06cc \u0633\u06cc\u0633\u062a\u0645 \u06a9\u0646\u062a\u0631\u0644\u06cc PLC &amp; HMI OMRON (JAPAN) \u0645\u0627\u0646\u06cc\u062a\u0648\u0631\u06cc\u0646\u06af \u06a9\u0627\u0645\u0644 \u0633\u06cc\u06a9\u0644 \u062a\u0648\u0644\u06cc\u062f \u0648 \u0642\u0627\u0628\u0644\u06cc\u062a \u0622\u0645\u0627\u0631\u06af\u06cc\u0631\u06cc \u0648 \u062a\u0633\u062a \u062f\u0627\u062e\u0644\u06cc \u062f\u0627\u0631\u0627\u06cc \u0633\u0627\u0632\u0647 \u0641\u0644\u0632\u06cc \u0645\u0633\u062a\u062d\u06a9\u0645&#8230;<\/p>\n","protected":false},"author":1,"featured_media":0,"parent":0,"menu_order":0,"comment_status":"closed","ping_status":"closed","template":"","meta":[],"yoast_head":"<!-- This site is optimized with the Yoast SEO plugin v20.4 - https:\/\/yoast.com\/wordpress\/plugins\/seo\/ -->\n<title>BS-SCALE RATE - \u0628\u0647\u06cc\u0646 \u0635\u0646\u0639\u062a \u06af\u0633\u062a\u0631\u0627\u0646 \u0627\u0644\u0628\u0631\u0632<\/title>\n<meta name=\"robots\" content=\"index, follow, max-snippet:-1, max-image-preview:large, max-video-preview:-1\" \/>\n<link rel=\"canonical\" href=\"http:\/\/bsga.ir\/1\/bs-scale-rate\/\" \/>\n<meta property=\"og:locale\" content=\"fa_IR\" \/>\n<meta property=\"og:type\" content=\"article\" \/>\n<meta property=\"og:title\" content=\"BS-SCALE RATE - \u0628\u0647\u06cc\u0646 \u0635\u0646\u0639\u062a \u06af\u0633\u062a\u0631\u0627\u0646 \u0627\u0644\u0628\u0631\u0632\" \/>\n<meta property=\"og:description\" content=\"BS-SCALE RATE \u0645\u0634\u062e\u0635\u0627\u062a: \u0633\u06cc\u0633\u062a\u0645 \u062a\u0648\u0632\u06cc\u0646 \u062f\u06cc\u062c\u06cc\u062a\u0627\u0644 (\u0644\u0648\u062f\u0633\u0644) \u062f\u0642\u062a \u062a\u0648\u0632\u06cc\u0646 \u06f1\u06f5+- \u06af\u0631\u0645 \u062f\u0631 \u0647\u0631 \u062a\u0648\u0632\u06cc\u0646 \u0638\u0631\u0641\u06cc\u062a \u062a\u0648\u0632\u06cc\u0646 \u06f3\u06f0 \u06a9\u06cc\u0644\u0648 \u06af\u0631\u0645 \u0628\u0627 \u062f\u0627\u0646\u0633\u06cc\u062a\u0647 \u06f4\u06f0\u06f0Kg\/ \u0638\u0631\u0641\u06cc\u062a \u06f5 \u062a\u0627 \u06f1\u06f5 \u062a\u0646 \u062f\u0631 \u0633\u0627\u0639\u062a \u0628\u0627 \u062a\u0648\u062c\u0647 \u0628\u0647 \u0645\u0648\u0627\u062f \u0639\u0628\u0648\u0631\u06cc \u0633\u06cc\u0633\u062a\u0645 \u06a9\u0646\u062a\u0631\u0644\u06cc PLC &amp; HMI OMRON (JAPAN) \u0645\u0627\u0646\u06cc\u062a\u0648\u0631\u06cc\u0646\u06af \u06a9\u0627\u0645\u0644 \u0633\u06cc\u06a9\u0644 \u062a\u0648\u0644\u06cc\u062f \u0648 \u0642\u0627\u0628\u0644\u06cc\u062a \u0622\u0645\u0627\u0631\u06af\u06cc\u0631\u06cc \u0648 \u062a\u0633\u062a \u062f\u0627\u062e\u0644\u06cc \u062f\u0627\u0631\u0627\u06cc \u0633\u0627\u0632\u0647 \u0641\u0644\u0632\u06cc \u0645\u0633\u062a\u062d\u06a9\u0645...\" \/>\n<meta property=\"og:url\" content=\"http:\/\/bsga.ir\/1\/bs-scale-rate\/\" \/>\n<meta property=\"og:site_name\" content=\"\u0628\u0647\u06cc\u0646 \u0635\u0646\u0639\u062a \u06af\u0633\u062a\u0631\u0627\u0646 \u0627\u0644\u0628\u0631\u0632\" \/>\n<meta property=\"article:modified_time\" content=\"2022-03-18T05:29:05+00:00\" \/>\n<meta property=\"og:image\" content=\"http:\/\/bsga.ir\/1\/wp-content\/uploads\/2017\/01\/BS-SCALE-RATE_web2.png\" \/>\n<meta name=\"twitter:card\" content=\"summary_large_image\" \/>\n<script type=\"application\/ld+json\" class=\"yoast-schema-graph\">{\"@context\":\"https:\/\/schema.org\",\"@graph\":[{\"@type\":\"WebPage\",\"@id\":\"http:\/\/bsga.ir\/1\/bs-scale-rate\/\",\"url\":\"http:\/\/bsga.ir\/1\/bs-scale-rate\/\",\"name\":\"BS-SCALE RATE - \u0628\u0647\u06cc\u0646 \u0635\u0646\u0639\u062a \u06af\u0633\u062a\u0631\u0627\u0646 \u0627\u0644\u0628\u0631\u0632\",\"isPartOf\":{\"@id\":\"http:\/\/bsga.ir\/1\/#website\"},\"datePublished\":\"2017-01-17T13:09:36+00:00\",\"dateModified\":\"2022-03-18T05:29:05+00:00\",\"breadcrumb\":{\"@id\":\"http:\/\/bsga.ir\/1\/bs-scale-rate\/#breadcrumb\"},\"inLanguage\":\"fa-IR\",\"potentialAction\":[{\"@type\":\"ReadAction\",\"target\":[\"http:\/\/bsga.ir\/1\/bs-scale-rate\/\"]}]},{\"@type\":\"BreadcrumbList\",\"@id\":\"http:\/\/bsga.ir\/1\/bs-scale-rate\/#breadcrumb\",\"itemListElement\":[{\"@type\":\"ListItem\",\"position\":1,\"name\":\"\u062e\u0627\u0646\u0647\",\"item\":\"http:\/\/bsga.ir\/1\/\"},{\"@type\":\"ListItem\",\"position\":2,\"name\":\"BS-SCALE RATE\"}]},{\"@type\":\"WebSite\",\"@id\":\"http:\/\/bsga.ir\/1\/#website\",\"url\":\"http:\/\/bsga.ir\/1\/\",\"name\":\"\u0628\u0647\u06cc\u0646 \u0635\u0646\u0639\u062a \u06af\u0633\u062a\u0631\u0627\u0646 \u0627\u0644\u0628\u0631\u0632\",\"description\":\"\",\"potentialAction\":[{\"@type\":\"SearchAction\",\"target\":{\"@type\":\"EntryPoint\",\"urlTemplate\":\"http:\/\/bsga.ir\/1\/?s={search_term_string}\"},\"query-input\":\"required name=search_term_string\"}],\"inLanguage\":\"fa-IR\"}]}<\/script>\n<!-- \/ Yoast SEO plugin. -->","yoast_head_json":{"title":"BS-SCALE RATE - \u0628\u0647\u06cc\u0646 \u0635\u0646\u0639\u062a \u06af\u0633\u062a\u0631\u0627\u0646 \u0627\u0644\u0628\u0631\u0632","robots":{"index":"index","follow":"follow","max-snippet":"max-snippet:-1","max-image-preview":"max-image-preview:large","max-video-preview":"max-video-preview:-1"},"canonical":"http:\/\/bsga.ir\/1\/bs-scale-rate\/","og_locale":"fa_IR","og_type":"article","og_title":"BS-SCALE RATE - \u0628\u0647\u06cc\u0646 \u0635\u0646\u0639\u062a \u06af\u0633\u062a\u0631\u0627\u0646 \u0627\u0644\u0628\u0631\u0632","og_description":"BS-SCALE RATE \u0645\u0634\u062e\u0635\u0627\u062a: \u0633\u06cc\u0633\u062a\u0645 \u062a\u0648\u0632\u06cc\u0646 \u062f\u06cc\u062c\u06cc\u062a\u0627\u0644 (\u0644\u0648\u062f\u0633\u0644) \u062f\u0642\u062a \u062a\u0648\u0632\u06cc\u0646 \u06f1\u06f5+- \u06af\u0631\u0645 \u062f\u0631 \u0647\u0631 \u062a\u0648\u0632\u06cc\u0646 \u0638\u0631\u0641\u06cc\u062a \u062a\u0648\u0632\u06cc\u0646 \u06f3\u06f0 \u06a9\u06cc\u0644\u0648 \u06af\u0631\u0645 \u0628\u0627 \u062f\u0627\u0646\u0633\u06cc\u062a\u0647 \u06f4\u06f0\u06f0Kg\/ \u0638\u0631\u0641\u06cc\u062a \u06f5 \u062a\u0627 \u06f1\u06f5 \u062a\u0646 \u062f\u0631 \u0633\u0627\u0639\u062a \u0628\u0627 \u062a\u0648\u062c\u0647 \u0628\u0647 \u0645\u0648\u0627\u062f \u0639\u0628\u0648\u0631\u06cc \u0633\u06cc\u0633\u062a\u0645 \u06a9\u0646\u062a\u0631\u0644\u06cc PLC &amp; HMI OMRON (JAPAN) \u0645\u0627\u0646\u06cc\u062a\u0648\u0631\u06cc\u0646\u06af \u06a9\u0627\u0645\u0644 \u0633\u06cc\u06a9\u0644 \u062a\u0648\u0644\u06cc\u062f \u0648 \u0642\u0627\u0628\u0644\u06cc\u062a \u0622\u0645\u0627\u0631\u06af\u06cc\u0631\u06cc \u0648 \u062a\u0633\u062a \u062f\u0627\u062e\u0644\u06cc \u062f\u0627\u0631\u0627\u06cc \u0633\u0627\u0632\u0647 \u0641\u0644\u0632\u06cc \u0645\u0633\u062a\u062d\u06a9\u0645...","og_url":"http:\/\/bsga.ir\/1\/bs-scale-rate\/","og_site_name":"\u0628\u0647\u06cc\u0646 \u0635\u0646\u0639\u062a \u06af\u0633\u062a\u0631\u0627\u0646 \u0627\u0644\u0628\u0631\u0632","article_modified_time":"2022-03-18T05:29:05+00:00","og_image":[{"url":"http:\/\/bsga.ir\/1\/wp-content\/uploads\/2017\/01\/BS-SCALE-RATE_web2.png"}],"twitter_card":"summary_large_image","schema":{"@context":"https:\/\/schema.org","@graph":[{"@type":"WebPage","@id":"http:\/\/bsga.ir\/1\/bs-scale-rate\/","url":"http:\/\/bsga.ir\/1\/bs-scale-rate\/","name":"BS-SCALE RATE - \u0628\u0647\u06cc\u0646 \u0635\u0646\u0639\u062a \u06af\u0633\u062a\u0631\u0627\u0646 \u0627\u0644\u0628\u0631\u0632","isPartOf":{"@id":"http:\/\/bsga.ir\/1\/#website"},"datePublished":"2017-01-17T13:09:36+00:00","dateModified":"2022-03-18T05:29:05+00:00","breadcrumb":{"@id":"http:\/\/bsga.ir\/1\/bs-scale-rate\/#breadcrumb"},"inLanguage":"fa-IR","potentialAction":[{"@type":"ReadAction","target":["http:\/\/bsga.ir\/1\/bs-scale-rate\/"]}]},{"@type":"BreadcrumbList","@id":"http:\/\/bsga.ir\/1\/bs-scale-rate\/#breadcrumb","itemListElement":[{"@type":"ListItem","position":1,"name":"\u062e\u0627\u0646\u0647","item":"http:\/\/bsga.ir\/1\/"},{"@type":"ListItem","position":2,"name":"BS-SCALE RATE"}]},{"@type":"WebSite","@id":"http:\/\/bsga.ir\/1\/#website","url":"http:\/\/bsga.ir\/1\/","name":"\u0628\u0647\u06cc\u0646 \u0635\u0646\u0639\u062a \u06af\u0633\u062a\u0631\u0627\u0646 \u0627\u0644\u0628\u0631\u0632","description":"","potentialAction":[{"@type":"SearchAction","target":{"@type":"EntryPoint","urlTemplate":"http:\/\/bsga.ir\/1\/?s={search_term_string}"},"query-input":"required name=search_term_string"}],"inLanguage":"fa-IR"}]}},"_links":{"self":[{"href":"http:\/\/bsga.ir\/1\/wp-json\/wp\/v2\/pages\/2450"}],"collection":[{"href":"http:\/\/bsga.ir\/1\/wp-json\/wp\/v2\/pages"}],"about":[{"href":"http:\/\/bsga.ir\/1\/wp-json\/wp\/v2\/types\/page"}],"author":[{"embeddable":true,"href":"http:\/\/bsga.ir\/1\/wp-json\/wp\/v2\/users\/1"}],"replies":[{"embeddable":true,"href":"http:\/\/bsga.ir\/1\/wp-json\/wp\/v2\/comments?post=2450"}],"version-history":[{"count":4,"href":"http:\/\/bsga.ir\/1\/wp-json\/wp\/v2\/pages\/2450\/revisions"}],"predecessor-version":[{"id":2868,"href":"http:\/\/bsga.ir\/1\/wp-json\/wp\/v2\/pages\/2450\/revisions\/2868"}],"wp:attachment":[{"href":"http:\/\/bsga.ir\/1\/wp-json\/wp\/v2\/media?parent=2450"}],"curies":[{"name":"wp","href":"https:\/\/api.w.org\/{rel}","templated":true}]}}