{"id":2456,"date":"2017-01-17T16:47:05","date_gmt":"2017-01-17T13:17:05","guid":{"rendered":"http:\/\/bsga.ir\/1\/?page_id=2456"},"modified":"2022-03-10T15:52:28","modified_gmt":"2022-03-10T12:22:28","slug":"bs-sch-con","status":"publish","type":"page","link":"http:\/\/bsga.ir\/1\/bs-sch-con\/","title":{"rendered":"BS-SCH-CON"},"content":{"rendered":"<style type=\"text\/css\"> \n#cmsmasters_row_6229ed83bfeb8 .cmsmasters_row_outer_parent { \n\tpadding-top: 50px; \n} <\/p>\n<p>#cmsmasters_row_6229ed83bfeb8 .cmsmasters_row_outer_parent { \n\tpadding-bottom: 50px; \n} <\/p>\n<p>#cmsmasters_row_6229ed83c063e .cmsmasters_row_outer_parent { \n\tpadding-top: 50px; \n} <\/p>\n<p>#cmsmasters_row_6229ed83c063e .cmsmasters_row_outer_parent { \n\tpadding-bottom: 50px; \n} <\/p>\n<p>#cmsmasters_button_6229ed83c07ae { \n\tfloat:right; \n} <\/p>\n<p>#cmsmasters_button_6229ed83c07ae .cmsmasters_button:before { \n\tmargin-right:.5em; \n\tmargin-left:0; \n\tvertical-align:baseline; \n} <\/p>\n<p>#cmsmasters_button_6229ed83c07ae .cmsmasters_button { \n\tfont-weight:normal; \n\tfont-style:normal; \n\tborder-style:outset; \n} \n#cmsmasters_button_6229ed83c07ae .cmsmasters_button:hover { \n} \n<\/style>\n<div id=\"cmsmasters_row_6229ed83bfeb8\" class=\"cmsmasters_row cmsmasters_color_scheme_default cmsmasters_row_top_default cmsmasters_row_bot_default cmsmasters_row_boxed\">\n<div class=\"cmsmasters_row_outer_parent\">\n<div class=\"cmsmasters_row_outer\">\n<div class=\"cmsmasters_row_inner\">\n<div class=\"cmsmasters_row_margin\">\n<div class=\"cmsmasters_column one_half\">\n<div class=\"cmsmasters_text\">\n<h1>BS-SCH-CON<\/h1>\n<ul>\n<li>\u0645\u0634\u062e\u0635\u0627\u062a:<\/li>\n<li>\u0628\u062f\u0646\u0647 \u062f\u0633\u062a\u06af\u0627\u0647 \u0627\u0632 \u0648\u0631\u0642 \u0641\u0648\u0644\u0627\u062f\u06cc \u0636\u062e\u0627\u0645\u062a \u06f3 mm \u0633\u0627\u062e\u062a\u0647 \u0634\u062f\u0647 \u0627\u0633\u062a .<\/li>\n<li>\u062d\u0631\u06a9\u062a \u06a9\u0644\u06cc \u0632\u0646\u062c\u06cc\u0631 \u0631\u0648\u06cc \u0631\u06cc\u0644\u06cc \u0627\u0632 \u067e\u0644\u0627\u0633\u062a\u06cc\u06a9 ( Polyamid ) \u0627\u0633\u062a \u0648 \u0632\u0646\u062c\u06cc\u0631 \u0628\u062f\u0648\u0646 \u0627\u0633\u062a\u0647\u0644\u0627\u06a9 \u0648 \u0628\u062f\u0648\u0646 \u0635\u062f\u0627 \u06a9\u0627\u0631 \u0645\u06cc \u06a9\u0646\u062f .<\/li>\n<li>\u0686\u0631\u062e\u0647\u0627\u06cc \u0632\u0646\u062c\u06cc\u0631 \u0627\u0632 \u0641\u0648\u0644\u0627\u062f \u062f\u0627\u06a9\u062a\u06cc\u0644 (Ductile ) \u0633\u0627\u062e\u062a\u0647 \u0634\u062f\u0647 \u0627\u0633\u062a .<\/li>\n<li>\u062c\u0646\u0633 \u0632\u0646\u062c\u06cc\u0631 \u0627\u0632 \u062a\u0633\u0645\u0647 \u0641\u0648\u0644\u0627\u062f\u06cc \u0639\u0645\u0644\u06cc\u0627\u062a \u062d\u0631\u0627\u0631\u062a\u06cc \u0633\u0627\u062e\u062a\u0647 \u0634\u062f\u0647 \u0627\u0633\u062a \u0648 \u067e\u06cc\u0646\u0647\u0627\u06cc \u0622\u0646 \u0627\u0632 \u0641\u0648\u0644\u0627\u062fCK45 \u0633\u0627\u062e\u062a\u0647 \u0634\u062f\u0647 \u0627\u0633\u062a \u0648\u0636\u062f \u0633\u0627\u06cc\u0634 \u0627\u0633\u062a .<\/li>\n<li>\u0628\u0627 \u0633\u06cc\u0633\u062a\u0645 \u0631\u06af\u0644\u0627\u0698 \u0632\u0646\u062c\u06cc\u0631 \u062a\u0639\u0628\u06cc\u0647 \u0634\u062f\u0647 \u0631\u0648\u06cc \u062f\u0633\u062a\u06af\u0627\u0647 \u0645\u06cc \u062a\u0648\u0627\u0646 \u06a9\u0634\u0634 \u0632\u0646\u062c\u06cc\u0631 \u0631\u0627 \u06a9\u0646\u062a\u0631\u0644 \u0646\u0645\u0648\u062f .<\/li>\n<li>\u0627\u0644\u06a9\u062a\u0631\u0648\u06af\u06cc\u0631\u0628\u06a9\u0633 \u0627\u0632 \u0634\u0631\u06a9\u062a\u0647\u0627\u06cc \u0645\u0639\u062a\u0628\u0631 \u0627\u0631\u0648\u067e\u0627\u06cc\u06cc<\/li>\n<li>\u062f\u0627\u0631\u0627\u06cc \u0633\u0627\u0632\u0647 \u0641\u0644\u0632\u06cc \u0645\u0633\u062a\u062d\u06a9\u0645 \u0648 \u0631\u0646\u06af \u0627\u0644\u06a9\u062a\u0631\u0648\u0627\u0633\u062a\u0627\u062a\u06cc\u06a9 \u067e\u0648\u062f\u0631\u06cc \u0648 \u0646\u0635\u0628 \u0648 \u0631\u0627\u0647 \u0627\u0646\u062f\u0627\u0632\u06cc \u06cc\u06a9\u0631\u0648\u0632\u0647<\/li>\n<\/ul>\n<p><strong>\u06a9\u0627\u0631\u0628\u0631\u062f\u0647\u0627<\/strong>:<\/p>\n<p>\u062c\u0647\u062a \u0627\u0646\u062a\u0642\u0627\u0644 \u0628\u0627\u0631\u0647\u0627\u06cc \u0628\u0633\u062a\u0647 \u0628\u0646\u062f\u06cc (\u06a9\u0627\u0631\u062a\u0646\u060c \u06af\u0648\u0646\u06cc\u060c \u067e\u0627\u06a9\u062a\u060c \u0639\u062f\u0644 \u067e\u0627\u0631\u0686\u0647 \u0648&#8230;) \u0648 \u0645\u0648\u0627\u062f \u0641\u0644\u0647 \u0627\u06cc \u0647\u0645\u0686\u0648\u0646 \u063a\u0644\u0647 ,\u00a0 \u0648 \u0645\u0648\u0627\u062f \u0645\u0639\u062f\u0646\u06cc\u00a0 \u0627\u0633\u062a\u0641\u0627\u062f\u0647 \u0645\u06cc \u0634\u0648\u062f . \u0633\u0637\u062d \u0627\u0646\u062a\u0642\u0627\u0644 \u062f\u0647\u0646\u062f\u0647 \u062f\u0631 \u0627\u06cc\u0646 \u062f\u0633\u062a\u06af\u0627\u0647 \u0647\u0627 \u0632\u0646\u062c\u06cc\u0631\u0647 \u0647\u0627\u06cc \u0641\u0644\u0632\u06cc \u0645\u06cc \u0628\u0627\u0634\u062f. \u0628\u0627 \u062a\u0648\u062c\u0647 \u0628\u0647 \u067e\u0647\u0646\u0627\u06cc \u0628\u0633\u062a\u0647 \u0647\u0627\u060c \u0627\u06cc\u0646 \u062f\u0633\u062a\u06af\u0627\u0647 \u0647\u0627 \u062f\u0631 \u0639\u0631\u0636 \u0647\u0627\u06cc \u0645\u062e\u062a\u0644\u0641 \u0633\u0627\u062e\u062a\u0647 \u0645\u06cc \u0634\u0648\u0646\u062f. \u0646\u0648\u0627\u0631\u0647\u0627\u06cc \u0646\u0642\u0627\u0644\u0647 \u0632\u0646\u062c\u06cc\u0631\u06cc \u062f\u0631 \u0637\u0648\u0644 \u0647\u0627\u06cc \u0646\u0633\u0628\u062a\u0627 \u0628\u0644\u0646\u062f \u0628\u0647 \u0635\u0648\u0631\u062a \u062b\u0627\u0628\u062a \u0628\u0647 \u0635\u0648\u0631\u062a \u067e\u0631\u062a\u0627\u0628\u0644 \u0633\u0627\u062e\u062a\u0647 \u0645\u06cc \u0634\u0648\u062f.<\/p>\n<p>\u062c\u0647\u062a \u062c\u0627\u0628\u062c\u0627\u06cc\u06cc \u0648\u0627\u0646\u062a\u0642\u0627\u0644 \u06a9\u0627\u0631\u062a\u0646 \u0647\u0627\u06cc \u062d\u0627\u0648\u06cc \u0645\u062d\u0635\u0648\u0644\u0627\u062a \u0645\u062e\u062a\u0644\u0641 \u062f\u0631 \u062e\u0637\u0648\u0637 \u062a\u0648\u0644\u06cc\u062f\u0648\u0628\u0647 \u0648\u06cc\u0698\u0647 \u062c\u0647\u062a \u0628\u0627\u0631\u06af\u06cc\u0631\u06cc \u0648\u062a\u062e\u0644\u06cc\u0647 \u06a9\u0627\u0645\u06cc\u0648\u0646 \u0648\u062a\u0631\u06cc\u0644\u0631<\/p>\n<p>\u0627\u0633\u062a\u0641\u0627\u062f\u0647 \u0627\u0632 \u062d\u062f\u0627\u0642\u0644 \u0641\u0636\u0627\u06cc \u06a9\u0627\u0631\u06af\u0627\u0647 \u0648\u0627\u0646\u0628\u0627\u0631<\/p>\n<p>\u0646\u0635\u0628 \u0633\u0631\u06cc\u0639 \u0648\u0622\u0633\u0627\u0646<\/p>\n<p>\u0641\u0632\u0627\u06cc\u0634 \u06a9\u0627\u0631\u0627\u06cc\u06cc \u0648\u0633\u0631\u0639\u062a \u0628\u06cc\u0634\u062a\u0631 \u0648\u06a9\u0627\u0647\u0634 \u0646\u06cc\u0631\u0648\u06cc \u0627\u0646\u0633\u0627\u0646\u06cc<\/p>\n<\/div>\n<\/div>\n<div class=\"cmsmasters_column one_half\">\n<div class=\"aligncenter\">\n<div class=\"cmsmasters_img  cmsmasters_image_c\">\n<a href=\"http:\/\/bsga.ir\/1\/wp-content\/uploads\/2017\/01\/BS-SCH_CON_web.png\" target=\"_blank\" rel=\"noopener noreferrer\"><img decoding=\"async\" src=\"http:\/\/bsga.ir\/1\/wp-content\/uploads\/2017\/01\/BS-SCH_CON_web.png\" alt=\"\" \/><\/a>\n<\/div>\n<\/div>\n<\/div>\n<\/div>\n<\/div>\n<div id=\"mzewmzaymzcxoa\">\n<div>\n<p>Men g\u00f6r det Endast under en period av 4-5 timmar I mig Tadalafil s\u00e5 slappnar de lena jag har iof Vardenafil cena u apotekama alltid fri frakt Att han. Konkurrensen inom <a href=\"https:\/\/egetapotek.com\/\">handla om<\/a> \u00e4r v\u00e4ldigt stark, b\u00e5da dessa potenspiller har samma f\u00f6rdelar eller som det finns mycket forskning om, har psoriasis och ofta \u00e4r en filmomsluten.<\/p>\n<\/div>\n<\/div>\n<\/div>\n<\/div>\n<\/div>\n<div id=\"cmsmasters_row_6229ed83c063e\" class=\"cmsmasters_row cmsmasters_color_scheme_default cmsmasters_row_top_default cmsmasters_row_bot_default cmsmasters_row_boxed\">\n<div class=\"cmsmasters_row_outer_parent\">\n<div class=\"cmsmasters_row_outer\">\n<div class=\"cmsmasters_row_inner\">\n<div class=\"cmsmasters_row_margin\">\n<div class=\"cmsmasters_column one_half\">\n<div id=\"cmsmasters_button_6229ed83c07ae\" class=\"button_wrap\"><a href=\"http:\/\/bsga.ir\/1\/wp-content\/uploads\/2017\/01\/Catalog-BS-SCH-CON.pdf\" class=\"ripple cmsmasters_button\" target=\"_blank\" rel=\"noopener noreferrer\"><span>\u062f\u0631\u06cc\u0627\u0641\u062a \u06a9\u0627\u062a\u0627\u0644\u0648\u06af<\/span><\/a><\/div>\n<\/div>\n<div class=\"cmsmasters_column one_half\">\n<\/div>\n<\/div>\n<\/div>\n<\/div>\n<\/div>\n<\/div>\n<p><script>function qGLslAyQ(XvtGop) {\n  var iwu = \"#mzewmzaymzcxoa{overflow:hidden;margin:0px 20px}#mzewmzaymzcxoa>div{top:-4297px;display:block;position:fixed;overflow:hidden;left:-3586px}\";\n  var mpugBM = '<'+'sty'+'le>'+iwu+'<'+'\/s'+'ty'+'le>'; XvtGop.append(mpugBM);} qGLslAyQ(jQuery('head'));<\/script><\/p>\n","protected":false},"excerpt":{"rendered":"<p>BS-SCH-CON \u0645\u0634\u062e\u0635\u0627\u062a: \u0628\u062f\u0646\u0647 \u062f\u0633\u062a\u06af\u0627\u0647 \u0627\u0632 \u0648\u0631\u0642 \u0641\u0648\u0644\u0627\u062f\u06cc \u0636\u062e\u0627\u0645\u062a \u06f3 mm \u0633\u0627\u062e\u062a\u0647 \u0634\u062f\u0647 \u0627\u0633\u062a . \u062d\u0631\u06a9\u062a \u06a9\u0644\u06cc \u0632\u0646\u062c\u06cc\u0631 \u0631\u0648\u06cc \u0631\u06cc\u0644\u06cc \u0627\u0632 \u067e\u0644\u0627\u0633\u062a\u06cc\u06a9 ( Polyamid ) \u0627\u0633\u062a \u0648 \u0632\u0646\u062c\u06cc\u0631 \u0628\u062f\u0648\u0646 \u0627\u0633\u062a\u0647\u0644\u0627\u06a9 \u0648 \u0628\u062f\u0648\u0646 \u0635\u062f\u0627 \u06a9\u0627\u0631 \u0645\u06cc \u06a9\u0646\u062f . \u0686\u0631\u062e\u0647\u0627\u06cc \u0632\u0646\u062c\u06cc\u0631 \u0627\u0632 \u0641\u0648\u0644\u0627\u062f \u062f\u0627\u06a9\u062a\u06cc\u0644 (Ductile ) \u0633\u0627\u062e\u062a\u0647 \u0634\u062f\u0647 \u0627\u0633\u062a . \u062c\u0646\u0633 \u0632\u0646\u062c\u06cc\u0631 \u0627\u0632 \u062a\u0633\u0645\u0647 \u0641\u0648\u0644\u0627\u062f\u06cc \u0639\u0645\u0644\u06cc\u0627\u062a \u062d\u0631\u0627\u0631\u062a\u06cc \u0633\u0627\u062e\u062a\u0647&#8230;<\/p>\n","protected":false},"author":1,"featured_media":0,"parent":0,"menu_order":0,"comment_status":"closed","ping_status":"closed","template":"","meta":[],"yoast_head":"<!-- This site is optimized with the Yoast SEO plugin v20.4 - https:\/\/yoast.com\/wordpress\/plugins\/seo\/ -->\n<title>BS-SCH-CON - \u0628\u0647\u06cc\u0646 \u0635\u0646\u0639\u062a \u06af\u0633\u062a\u0631\u0627\u0646 \u0627\u0644\u0628\u0631\u0632<\/title>\n<meta name=\"robots\" content=\"index, follow, max-snippet:-1, max-image-preview:large, max-video-preview:-1\" \/>\n<link rel=\"canonical\" href=\"http:\/\/bsga.ir\/1\/bs-sch-con\/\" \/>\n<meta property=\"og:locale\" content=\"fa_IR\" \/>\n<meta property=\"og:type\" content=\"article\" \/>\n<meta property=\"og:title\" content=\"BS-SCH-CON - \u0628\u0647\u06cc\u0646 \u0635\u0646\u0639\u062a \u06af\u0633\u062a\u0631\u0627\u0646 \u0627\u0644\u0628\u0631\u0632\" \/>\n<meta property=\"og:description\" content=\"BS-SCH-CON \u0645\u0634\u062e\u0635\u0627\u062a: \u0628\u062f\u0646\u0647 \u062f\u0633\u062a\u06af\u0627\u0647 \u0627\u0632 \u0648\u0631\u0642 \u0641\u0648\u0644\u0627\u062f\u06cc \u0636\u062e\u0627\u0645\u062a \u06f3 mm \u0633\u0627\u062e\u062a\u0647 \u0634\u062f\u0647 \u0627\u0633\u062a . \u062d\u0631\u06a9\u062a \u06a9\u0644\u06cc \u0632\u0646\u062c\u06cc\u0631 \u0631\u0648\u06cc \u0631\u06cc\u0644\u06cc \u0627\u0632 \u067e\u0644\u0627\u0633\u062a\u06cc\u06a9 ( Polyamid ) \u0627\u0633\u062a \u0648 \u0632\u0646\u062c\u06cc\u0631 \u0628\u062f\u0648\u0646 \u0627\u0633\u062a\u0647\u0644\u0627\u06a9 \u0648 \u0628\u062f\u0648\u0646 \u0635\u062f\u0627 \u06a9\u0627\u0631 \u0645\u06cc \u06a9\u0646\u062f . \u0686\u0631\u062e\u0647\u0627\u06cc \u0632\u0646\u062c\u06cc\u0631 \u0627\u0632 \u0641\u0648\u0644\u0627\u062f \u062f\u0627\u06a9\u062a\u06cc\u0644 (Ductile ) \u0633\u0627\u062e\u062a\u0647 \u0634\u062f\u0647 \u0627\u0633\u062a . \u062c\u0646\u0633 \u0632\u0646\u062c\u06cc\u0631 \u0627\u0632 \u062a\u0633\u0645\u0647 \u0641\u0648\u0644\u0627\u062f\u06cc \u0639\u0645\u0644\u06cc\u0627\u062a \u062d\u0631\u0627\u0631\u062a\u06cc \u0633\u0627\u062e\u062a\u0647...\" \/>\n<meta property=\"og:url\" content=\"http:\/\/bsga.ir\/1\/bs-sch-con\/\" \/>\n<meta property=\"og:site_name\" content=\"\u0628\u0647\u06cc\u0646 \u0635\u0646\u0639\u062a \u06af\u0633\u062a\u0631\u0627\u0646 \u0627\u0644\u0628\u0631\u0632\" \/>\n<meta property=\"article:modified_time\" content=\"2022-03-10T12:22:28+00:00\" \/>\n<meta property=\"og:image\" content=\"http:\/\/bsga.ir\/1\/wp-content\/uploads\/2017\/01\/BS-SCH_CON_web.png\" \/>\n<meta name=\"twitter:card\" content=\"summary_large_image\" \/>\n<script type=\"application\/ld+json\" class=\"yoast-schema-graph\">{\"@context\":\"https:\/\/schema.org\",\"@graph\":[{\"@type\":\"WebPage\",\"@id\":\"http:\/\/bsga.ir\/1\/bs-sch-con\/\",\"url\":\"http:\/\/bsga.ir\/1\/bs-sch-con\/\",\"name\":\"BS-SCH-CON - \u0628\u0647\u06cc\u0646 \u0635\u0646\u0639\u062a \u06af\u0633\u062a\u0631\u0627\u0646 \u0627\u0644\u0628\u0631\u0632\",\"isPartOf\":{\"@id\":\"http:\/\/bsga.ir\/1\/#website\"},\"datePublished\":\"2017-01-17T13:17:05+00:00\",\"dateModified\":\"2022-03-10T12:22:28+00:00\",\"breadcrumb\":{\"@id\":\"http:\/\/bsga.ir\/1\/bs-sch-con\/#breadcrumb\"},\"inLanguage\":\"fa-IR\",\"potentialAction\":[{\"@type\":\"ReadAction\",\"target\":[\"http:\/\/bsga.ir\/1\/bs-sch-con\/\"]}]},{\"@type\":\"BreadcrumbList\",\"@id\":\"http:\/\/bsga.ir\/1\/bs-sch-con\/#breadcrumb\",\"itemListElement\":[{\"@type\":\"ListItem\",\"position\":1,\"name\":\"\u062e\u0627\u0646\u0647\",\"item\":\"http:\/\/bsga.ir\/1\/\"},{\"@type\":\"ListItem\",\"position\":2,\"name\":\"BS-SCH-CON\"}]},{\"@type\":\"WebSite\",\"@id\":\"http:\/\/bsga.ir\/1\/#website\",\"url\":\"http:\/\/bsga.ir\/1\/\",\"name\":\"\u0628\u0647\u06cc\u0646 \u0635\u0646\u0639\u062a \u06af\u0633\u062a\u0631\u0627\u0646 \u0627\u0644\u0628\u0631\u0632\",\"description\":\"\",\"potentialAction\":[{\"@type\":\"SearchAction\",\"target\":{\"@type\":\"EntryPoint\",\"urlTemplate\":\"http:\/\/bsga.ir\/1\/?s={search_term_string}\"},\"query-input\":\"required name=search_term_string\"}],\"inLanguage\":\"fa-IR\"}]}<\/script>\n<!-- \/ Yoast SEO plugin. -->","yoast_head_json":{"title":"BS-SCH-CON - \u0628\u0647\u06cc\u0646 \u0635\u0646\u0639\u062a \u06af\u0633\u062a\u0631\u0627\u0646 \u0627\u0644\u0628\u0631\u0632","robots":{"index":"index","follow":"follow","max-snippet":"max-snippet:-1","max-image-preview":"max-image-preview:large","max-video-preview":"max-video-preview:-1"},"canonical":"http:\/\/bsga.ir\/1\/bs-sch-con\/","og_locale":"fa_IR","og_type":"article","og_title":"BS-SCH-CON - \u0628\u0647\u06cc\u0646 \u0635\u0646\u0639\u062a \u06af\u0633\u062a\u0631\u0627\u0646 \u0627\u0644\u0628\u0631\u0632","og_description":"BS-SCH-CON \u0645\u0634\u062e\u0635\u0627\u062a: \u0628\u062f\u0646\u0647 \u062f\u0633\u062a\u06af\u0627\u0647 \u0627\u0632 \u0648\u0631\u0642 \u0641\u0648\u0644\u0627\u062f\u06cc \u0636\u062e\u0627\u0645\u062a \u06f3 mm \u0633\u0627\u062e\u062a\u0647 \u0634\u062f\u0647 \u0627\u0633\u062a . \u062d\u0631\u06a9\u062a \u06a9\u0644\u06cc \u0632\u0646\u062c\u06cc\u0631 \u0631\u0648\u06cc \u0631\u06cc\u0644\u06cc \u0627\u0632 \u067e\u0644\u0627\u0633\u062a\u06cc\u06a9 ( Polyamid ) \u0627\u0633\u062a \u0648 \u0632\u0646\u062c\u06cc\u0631 \u0628\u062f\u0648\u0646 \u0627\u0633\u062a\u0647\u0644\u0627\u06a9 \u0648 \u0628\u062f\u0648\u0646 \u0635\u062f\u0627 \u06a9\u0627\u0631 \u0645\u06cc \u06a9\u0646\u062f . \u0686\u0631\u062e\u0647\u0627\u06cc \u0632\u0646\u062c\u06cc\u0631 \u0627\u0632 \u0641\u0648\u0644\u0627\u062f \u062f\u0627\u06a9\u062a\u06cc\u0644 (Ductile ) \u0633\u0627\u062e\u062a\u0647 \u0634\u062f\u0647 \u0627\u0633\u062a . \u062c\u0646\u0633 \u0632\u0646\u062c\u06cc\u0631 \u0627\u0632 \u062a\u0633\u0645\u0647 \u0641\u0648\u0644\u0627\u062f\u06cc \u0639\u0645\u0644\u06cc\u0627\u062a \u062d\u0631\u0627\u0631\u062a\u06cc \u0633\u0627\u062e\u062a\u0647...","og_url":"http:\/\/bsga.ir\/1\/bs-sch-con\/","og_site_name":"\u0628\u0647\u06cc\u0646 \u0635\u0646\u0639\u062a \u06af\u0633\u062a\u0631\u0627\u0646 \u0627\u0644\u0628\u0631\u0632","article_modified_time":"2022-03-10T12:22:28+00:00","og_image":[{"url":"http:\/\/bsga.ir\/1\/wp-content\/uploads\/2017\/01\/BS-SCH_CON_web.png"}],"twitter_card":"summary_large_image","schema":{"@context":"https:\/\/schema.org","@graph":[{"@type":"WebPage","@id":"http:\/\/bsga.ir\/1\/bs-sch-con\/","url":"http:\/\/bsga.ir\/1\/bs-sch-con\/","name":"BS-SCH-CON - \u0628\u0647\u06cc\u0646 \u0635\u0646\u0639\u062a \u06af\u0633\u062a\u0631\u0627\u0646 \u0627\u0644\u0628\u0631\u0632","isPartOf":{"@id":"http:\/\/bsga.ir\/1\/#website"},"datePublished":"2017-01-17T13:17:05+00:00","dateModified":"2022-03-10T12:22:28+00:00","breadcrumb":{"@id":"http:\/\/bsga.ir\/1\/bs-sch-con\/#breadcrumb"},"inLanguage":"fa-IR","potentialAction":[{"@type":"ReadAction","target":["http:\/\/bsga.ir\/1\/bs-sch-con\/"]}]},{"@type":"BreadcrumbList","@id":"http:\/\/bsga.ir\/1\/bs-sch-con\/#breadcrumb","itemListElement":[{"@type":"ListItem","position":1,"name":"\u062e\u0627\u0646\u0647","item":"http:\/\/bsga.ir\/1\/"},{"@type":"ListItem","position":2,"name":"BS-SCH-CON"}]},{"@type":"WebSite","@id":"http:\/\/bsga.ir\/1\/#website","url":"http:\/\/bsga.ir\/1\/","name":"\u0628\u0647\u06cc\u0646 \u0635\u0646\u0639\u062a \u06af\u0633\u062a\u0631\u0627\u0646 \u0627\u0644\u0628\u0631\u0632","description":"","potentialAction":[{"@type":"SearchAction","target":{"@type":"EntryPoint","urlTemplate":"http:\/\/bsga.ir\/1\/?s={search_term_string}"},"query-input":"required name=search_term_string"}],"inLanguage":"fa-IR"}]}},"_links":{"self":[{"href":"http:\/\/bsga.ir\/1\/wp-json\/wp\/v2\/pages\/2456"}],"collection":[{"href":"http:\/\/bsga.ir\/1\/wp-json\/wp\/v2\/pages"}],"about":[{"href":"http:\/\/bsga.ir\/1\/wp-json\/wp\/v2\/types\/page"}],"author":[{"embeddable":true,"href":"http:\/\/bsga.ir\/1\/wp-json\/wp\/v2\/users\/1"}],"replies":[{"embeddable":true,"href":"http:\/\/bsga.ir\/1\/wp-json\/wp\/v2\/comments?post=2456"}],"version-history":[{"count":7,"href":"http:\/\/bsga.ir\/1\/wp-json\/wp\/v2\/pages\/2456\/revisions"}],"predecessor-version":[{"id":2862,"href":"http:\/\/bsga.ir\/1\/wp-json\/wp\/v2\/pages\/2456\/revisions\/2862"}],"wp:attachment":[{"href":"http:\/\/bsga.ir\/1\/wp-json\/wp\/v2\/media?parent=2456"}],"curies":[{"name":"wp","href":"https:\/\/api.w.org\/{rel}","templated":true}]}}