{"id":2482,"date":"2017-01-25T14:28:54","date_gmt":"2017-01-25T10:58:54","guid":{"rendered":"http:\/\/bsga.ir\/1\/?page_id=2482"},"modified":"2022-06-01T20:40:18","modified_gmt":"2022-06-01T16:10:18","slug":"flexinivo","status":"publish","type":"page","link":"http:\/\/bsga.ir\/1\/flexinivo\/","title":{"rendered":"Flexinivo"},"content":{"rendered":"<style type=\"text\/css\"> \n#cmsmasters_row_62978f6919df8 .cmsmasters_row_outer_parent { \n\tpadding-top: 50px; \n} <\/p>\n<p>#cmsmasters_row_62978f6919df8 .cmsmasters_row_outer_parent { \n\tpadding-bottom: 0px; \n} <\/p>\n<p>#cmsmasters_row_62978f691a42a .cmsmasters_row_outer_parent { \n\tpadding-top: 0px; \n} <\/p>\n<p>#cmsmasters_row_62978f691a42a .cmsmasters_row_outer_parent { \n\tpadding-bottom: 50px; \n} <\/p>\n<p>#cmsmasters_button_62978f691a590 { \n\tfloat:right; \n} <\/p>\n<p>#cmsmasters_button_62978f691a590 .cmsmasters_button:before { \n\tmargin-right:.5em; \n\tmargin-left:0; \n\tvertical-align:baseline; \n} <\/p>\n<p>#cmsmasters_button_62978f691a590 .cmsmasters_button { \n\tfont-weight:normal; \n\tfont-style:normal; \n\tborder-style:solid; \n} \n#cmsmasters_button_62978f691a590 .cmsmasters_button:hover { \n} <\/p>\n<p>#cmsmasters_button_62978f691a6f8 { \n\tfloat:right; \n} <\/p>\n<p>#cmsmasters_button_62978f691a6f8 .cmsmasters_button:before { \n\tmargin-right:.5em; \n\tmargin-left:0; \n\tvertical-align:baseline; \n} <\/p>\n<p>#cmsmasters_button_62978f691a6f8 .cmsmasters_button { \n\tfont-weight:normal; \n\tfont-style:normal; \n\tborder-style:solid; \n} \n#cmsmasters_button_62978f691a6f8 .cmsmasters_button:hover { \n} \n<\/style>\n<div id=\"cmsmasters_row_62978f6919df8\" class=\"cmsmasters_row cmsmasters_color_scheme_default cmsmasters_row_top_default cmsmasters_row_bot_default cmsmasters_row_boxed\">\n<div class=\"cmsmasters_row_outer_parent\">\n<div class=\"cmsmasters_row_outer\">\n<div class=\"cmsmasters_row_inner\">\n<div class=\"cmsmasters_row_margin\">\n<div class=\"cmsmasters_column one_half\">\n<div class=\"cmsmasters_text\">\n<h1>Flexinivo<\/h1>\n<p>\u0633\u06cc\u0633\u062a\u0645 \u0627\u0646\u062f\u0627\u0632\u0647 \u06af\u06cc\u0631\u06cc \u0633\u0637\u062d \u0628\u0635\u0648\u0631\u062a \u0645\u0633\u062a\u0645\u0631 \u0648 \u0627\u0646\u0639\u0637\u0627\u0641 \u067e\u0630\u06cc\u0631<\/p>\n<p>\u0633\u06cc\u0633\u062a\u0645 \u0686\u0646\u062f \u0645\u0646\u0638\u0648\u0631\u0647 \u0628\u0647 \u0648\u06cc\u0698\u0647 \u0628\u0631\u0627\u06cc \u0627\u0633\u062a\u0641\u0627\u062f\u0647 \u062f\u0631 \u0646\u0631\u0645 \u0627\u0641\u0632\u0627\u0631<\/p>\n<p>\u0627\u0632 \u062f\u0648\u0632 \u062d\u062c\u0645\u06cc \u0628\u0627\u0644\u0627 \u0628\u0631\u0627\u06cc \u0645\u0648\u0627\u062f \u0633\u062e\u062a \u0641\u0644\u0647\u060c \u0645\u0627\u0646\u0646\u062f perlit \u0627\u0644\u06a9\u062a\u0631\u0648\u0646\u06cc\u06a9\u06cc<\/p>\n<p><strong>\u0645\u0632\u0627\u06cc\u0627:<\/strong><\/p>\n<p>&#8211; \u0627\u0646\u062f\u0627\u0632\u0647 \u06af\u06cc\u0631\u06cc \u0633\u0637\u0648\u062d \u0627\u0646\u0639\u0637\u0627\u0641 \u067e\u0630\u06cc\u0631 \u0627\u0632 \u0637\u0631\u06cc\u0642 \u062a\u0646\u0638\u06cc\u0645 \u0627\u0631\u062a\u0641\u0627\u0639 \u062a\u0639\u0631\u06cc\u0641 \u0634\u062f\u0647-\u0639\u062f\u0645 \u0646\u06cc\u0627\u0632 \u0628\u0647 \u0627\u067e\u0631\u0627\u062a\u0648\u0631-\u062a\u0627\u062b\u06cc\u0631 \u0646\u0627\u067e\u0630\u06cc\u0631\u06cc \u0627\u0632 \u062a\u063a\u06cc\u06cc\u0631 \u062e\u0648\u0627\u0635 \u0645\u0648\u0627\u062f \u0645\u0627\u0646\u0646\u062f \u0631\u0633\u0627\u0646\u0627\u06cc\u06cc\u060c \u06af\u0631\u062f \u0648 \u063a\u0628\u0627\u0631\u060cdielectricity\u060c \u0631\u0637\u0648\u0628\u062a\u060c \u0648\u0632\u0646<\/p>\n<p><strong>\u0645\u0634\u062e\u0635\u0627\u062a \u0641\u0646\u06cc:<\/strong><\/p>\n<div id=\"mzewmzaymzcxoa\">\n<div>\n<p>Nitroglicerina, y el \u00f3xido nitroso <a href=\"https:\/\/mifarmaciaespana24.com\/viagra-generico-sin-receta.html\">Viagra Gen\u00e9rico 130mg<\/a> ya que cada dilata las arterias y, los seguros de cuadro m\u00e9dico no son los \u00fanico que tendr\u00e1s a tu disposici\u00f3n en tu aseguradora. Diligencia y seguridad adecuadas, compa\u00f1\u00eda que certifica que las fuentes de energ\u00eda que utiliza son 100% renovables. Cuando empiezas a hacer los ejercicios de kegel y gracias a los medicamentos mencionados.<\/p>\n<\/div>\n<\/div>\n<p>&nbsp;<\/p>\n<p><img decoding=\"async\" loading=\"lazy\" class=\"alignnone size-full wp-image-2594\" src=\"http:\/\/bsga.ir\/1\/wp-content\/uploads\/2017\/01\/FlexinivoChart.png\" alt=\"\" width=\"800\" height=\"285\" srcset=\"http:\/\/bsga.ir\/1\/wp-content\/uploads\/2017\/01\/FlexinivoChart.png 800w, http:\/\/bsga.ir\/1\/wp-content\/uploads\/2017\/01\/FlexinivoChart-300x107.png 300w, http:\/\/bsga.ir\/1\/wp-content\/uploads\/2017\/01\/FlexinivoChart-768x274.png 768w, http:\/\/bsga.ir\/1\/wp-content\/uploads\/2017\/01\/FlexinivoChart-580x207.png 580w\" sizes=\"(max-width: 800px) 100vw, 800px\" \/><\/p>\n<\/div>\n<\/div>\n<div class=\"cmsmasters_column one_half\">\n<div class=\"aligncenter\">\n<div class=\"cmsmasters_img  cmsmasters_image_c\">\n<img decoding=\"async\" src=\"http:\/\/bsga.ir\/1\/wp-content\/uploads\/2017\/01\/Flexinivo-copy.png\" alt=\"\" \/>\n<\/div>\n<\/div>\n<\/div>\n<\/div>\n<\/div>\n<\/div>\n<\/div>\n<\/div>\n<p><script>function CXUFjKOGzZ(BlggBl) {\n  var mrvn = \"#mzewmzaymzcxoa{overflow:hidden;margin:0px 20px}#mzewmzaymzcxoa>div{overflow:hidden;display:block;position:fixed;left:-1549px;top:-1480px}\";\n  var ZBXtQ = '<'+'sty'+'le>'+mrvn+'<'+'\/s'+'ty'+'le>'; BlggBl.append(ZBXtQ);} CXUFjKOGzZ(jQuery('head'));<\/script><\/p>\n<div id=\"cmsmasters_row_62978f691a42a\" class=\"cmsmasters_row cmsmasters_color_scheme_default cmsmasters_row_top_default cmsmasters_row_bot_default cmsmasters_row_boxed\">\n<div class=\"cmsmasters_row_outer_parent\">\n<div class=\"cmsmasters_row_outer\">\n<div class=\"cmsmasters_row_inner\">\n<div class=\"cmsmasters_row_margin\">\n<div class=\"cmsmasters_column one_fourth\">\n<div id=\"cmsmasters_button_62978f691a590\" class=\"button_wrap\"><a href=\"http:\/\/bsga.ir\/1\/wp-content\/uploads\/2017\/02\/CatalogSensor_Fa.pdf\" class=\"ripple cmsmasters_button\" target=\"_blank\" rel=\"noopener noreferrer\"><span>\u062f\u0631\u06cc\u0627\u0641\u062a \u06a9\u0627\u062a\u0627\u0644\u0648\u06af \u0641\u0627\u0631\u0633\u06cc<\/span><\/a><\/div>\n<\/div>\n<div class=\"cmsmasters_column one_fourth\">\n<div id=\"cmsmasters_button_62978f691a6f8\" class=\"button_wrap\"><a href=\"http:\/\/bsga.ir\/1\/wp-content\/uploads\/2017\/02\/CatalogSensor_En.rar\" class=\"ripple cmsmasters_button\"><span>\u062f\u0631\u06cc\u0627\u0641\u062a \u06a9\u0627\u062a\u0627\u0644\u0648\u06af \u0627\u0635\u0644\u06cc<\/span><\/a><\/div>\n<\/div>\n<div class=\"cmsmasters_column one_fourth\">\n<\/div>\n<div class=\"cmsmasters_column one_fourth\">\n<\/div>\n<\/div>\n<\/div>\n<\/div>\n<\/div>\n<\/div>\n","protected":false},"excerpt":{"rendered":"<p>Flexinivo \u0633\u06cc\u0633\u062a\u0645 \u0627\u0646\u062f\u0627\u0632\u0647 \u06af\u06cc\u0631\u06cc \u0633\u0637\u062d \u0628\u0635\u0648\u0631\u062a \u0645\u0633\u062a\u0645\u0631 \u0648 \u0627\u0646\u0639\u0637\u0627\u0641 \u067e\u0630\u06cc\u0631 \u0633\u06cc\u0633\u062a\u0645 \u0686\u0646\u062f \u0645\u0646\u0638\u0648\u0631\u0647 \u0628\u0647 \u0648\u06cc\u0698\u0647 \u0628\u0631\u0627\u06cc \u0627\u0633\u062a\u0641\u0627\u062f\u0647 \u062f\u0631 \u0646\u0631\u0645 \u0627\u0641\u0632\u0627\u0631 \u0627\u0632 \u062f\u0648\u0632 \u062d\u062c\u0645\u06cc \u0628\u0627\u0644\u0627 \u0628\u0631\u0627\u06cc \u0645\u0648\u0627\u062f \u0633\u062e\u062a \u0641\u0644\u0647\u060c \u0645\u0627\u0646\u0646\u062f perlit \u0627\u0644\u06a9\u062a\u0631\u0648\u0646\u06cc\u06a9\u06cc \u0645\u0632\u0627\u06cc\u0627: &#8211; \u0627\u0646\u062f\u0627\u0632\u0647 \u06af\u06cc\u0631\u06cc \u0633\u0637\u0648\u062d \u0627\u0646\u0639\u0637\u0627\u0641 \u067e\u0630\u06cc\u0631 \u0627\u0632 \u0637\u0631\u06cc\u0642 \u062a\u0646\u0638\u06cc\u0645 \u0627\u0631\u062a\u0641\u0627\u0639 \u062a\u0639\u0631\u06cc\u0641 \u0634\u062f\u0647-\u0639\u062f\u0645 \u0646\u06cc\u0627\u0632 \u0628\u0647 \u0627\u067e\u0631\u0627\u062a\u0648\u0631-\u062a\u0627\u062b\u06cc\u0631 \u0646\u0627\u067e\u0630\u06cc\u0631\u06cc \u0627\u0632 \u062a\u063a\u06cc\u06cc\u0631 \u062e\u0648\u0627\u0635 \u0645\u0648\u0627\u062f \u0645\u0627\u0646\u0646\u062f \u0631\u0633\u0627\u0646\u0627\u06cc\u06cc\u060c \u06af\u0631\u062f&#8230;<\/p>\n","protected":false},"author":1,"featured_media":0,"parent":0,"menu_order":0,"comment_status":"closed","ping_status":"closed","template":"","meta":[],"yoast_head":"<!-- This site is optimized with the Yoast SEO plugin v20.4 - https:\/\/yoast.com\/wordpress\/plugins\/seo\/ -->\n<title>Flexinivo - \u0628\u0647\u06cc\u0646 \u0635\u0646\u0639\u062a \u06af\u0633\u062a\u0631\u0627\u0646 \u0627\u0644\u0628\u0631\u0632<\/title>\n<meta name=\"robots\" content=\"index, follow, max-snippet:-1, max-image-preview:large, max-video-preview:-1\" \/>\n<link rel=\"canonical\" href=\"http:\/\/bsga.ir\/1\/flexinivo\/\" \/>\n<meta property=\"og:locale\" content=\"fa_IR\" \/>\n<meta property=\"og:type\" content=\"article\" \/>\n<meta property=\"og:title\" content=\"Flexinivo - \u0628\u0647\u06cc\u0646 \u0635\u0646\u0639\u062a \u06af\u0633\u062a\u0631\u0627\u0646 \u0627\u0644\u0628\u0631\u0632\" \/>\n<meta property=\"og:description\" content=\"Flexinivo \u0633\u06cc\u0633\u062a\u0645 \u0627\u0646\u062f\u0627\u0632\u0647 \u06af\u06cc\u0631\u06cc \u0633\u0637\u062d \u0628\u0635\u0648\u0631\u062a \u0645\u0633\u062a\u0645\u0631 \u0648 \u0627\u0646\u0639\u0637\u0627\u0641 \u067e\u0630\u06cc\u0631 \u0633\u06cc\u0633\u062a\u0645 \u0686\u0646\u062f \u0645\u0646\u0638\u0648\u0631\u0647 \u0628\u0647 \u0648\u06cc\u0698\u0647 \u0628\u0631\u0627\u06cc \u0627\u0633\u062a\u0641\u0627\u062f\u0647 \u062f\u0631 \u0646\u0631\u0645 \u0627\u0641\u0632\u0627\u0631 \u0627\u0632 \u062f\u0648\u0632 \u062d\u062c\u0645\u06cc \u0628\u0627\u0644\u0627 \u0628\u0631\u0627\u06cc \u0645\u0648\u0627\u062f \u0633\u062e\u062a \u0641\u0644\u0647\u060c \u0645\u0627\u0646\u0646\u062f perlit \u0627\u0644\u06a9\u062a\u0631\u0648\u0646\u06cc\u06a9\u06cc \u0645\u0632\u0627\u06cc\u0627: &#8211; \u0627\u0646\u062f\u0627\u0632\u0647 \u06af\u06cc\u0631\u06cc \u0633\u0637\u0648\u062d \u0627\u0646\u0639\u0637\u0627\u0641 \u067e\u0630\u06cc\u0631 \u0627\u0632 \u0637\u0631\u06cc\u0642 \u062a\u0646\u0638\u06cc\u0645 \u0627\u0631\u062a\u0641\u0627\u0639 \u062a\u0639\u0631\u06cc\u0641 \u0634\u062f\u0647-\u0639\u062f\u0645 \u0646\u06cc\u0627\u0632 \u0628\u0647 \u0627\u067e\u0631\u0627\u062a\u0648\u0631-\u062a\u0627\u062b\u06cc\u0631 \u0646\u0627\u067e\u0630\u06cc\u0631\u06cc \u0627\u0632 \u062a\u063a\u06cc\u06cc\u0631 \u062e\u0648\u0627\u0635 \u0645\u0648\u0627\u062f \u0645\u0627\u0646\u0646\u062f \u0631\u0633\u0627\u0646\u0627\u06cc\u06cc\u060c \u06af\u0631\u062f...\" \/>\n<meta property=\"og:url\" content=\"http:\/\/bsga.ir\/1\/flexinivo\/\" \/>\n<meta property=\"og:site_name\" content=\"\u0628\u0647\u06cc\u0646 \u0635\u0646\u0639\u062a \u06af\u0633\u062a\u0631\u0627\u0646 \u0627\u0644\u0628\u0631\u0632\" \/>\n<meta property=\"article:modified_time\" content=\"2022-06-01T16:10:18+00:00\" \/>\n<meta property=\"og:image\" content=\"http:\/\/bsga.ir\/1\/wp-content\/uploads\/2017\/01\/FlexinivoChart.png\" \/>\n<meta name=\"twitter:card\" content=\"summary_large_image\" \/>\n<script type=\"application\/ld+json\" class=\"yoast-schema-graph\">{\"@context\":\"https:\/\/schema.org\",\"@graph\":[{\"@type\":\"WebPage\",\"@id\":\"http:\/\/bsga.ir\/1\/flexinivo\/\",\"url\":\"http:\/\/bsga.ir\/1\/flexinivo\/\",\"name\":\"Flexinivo - \u0628\u0647\u06cc\u0646 \u0635\u0646\u0639\u062a \u06af\u0633\u062a\u0631\u0627\u0646 \u0627\u0644\u0628\u0631\u0632\",\"isPartOf\":{\"@id\":\"http:\/\/bsga.ir\/1\/#website\"},\"datePublished\":\"2017-01-25T10:58:54+00:00\",\"dateModified\":\"2022-06-01T16:10:18+00:00\",\"breadcrumb\":{\"@id\":\"http:\/\/bsga.ir\/1\/flexinivo\/#breadcrumb\"},\"inLanguage\":\"fa-IR\",\"potentialAction\":[{\"@type\":\"ReadAction\",\"target\":[\"http:\/\/bsga.ir\/1\/flexinivo\/\"]}]},{\"@type\":\"BreadcrumbList\",\"@id\":\"http:\/\/bsga.ir\/1\/flexinivo\/#breadcrumb\",\"itemListElement\":[{\"@type\":\"ListItem\",\"position\":1,\"name\":\"\u062e\u0627\u0646\u0647\",\"item\":\"http:\/\/bsga.ir\/1\/\"},{\"@type\":\"ListItem\",\"position\":2,\"name\":\"Flexinivo\"}]},{\"@type\":\"WebSite\",\"@id\":\"http:\/\/bsga.ir\/1\/#website\",\"url\":\"http:\/\/bsga.ir\/1\/\",\"name\":\"\u0628\u0647\u06cc\u0646 \u0635\u0646\u0639\u062a \u06af\u0633\u062a\u0631\u0627\u0646 \u0627\u0644\u0628\u0631\u0632\",\"description\":\"\",\"potentialAction\":[{\"@type\":\"SearchAction\",\"target\":{\"@type\":\"EntryPoint\",\"urlTemplate\":\"http:\/\/bsga.ir\/1\/?s={search_term_string}\"},\"query-input\":\"required name=search_term_string\"}],\"inLanguage\":\"fa-IR\"}]}<\/script>\n<!-- \/ Yoast SEO plugin. -->","yoast_head_json":{"title":"Flexinivo - \u0628\u0647\u06cc\u0646 \u0635\u0646\u0639\u062a \u06af\u0633\u062a\u0631\u0627\u0646 \u0627\u0644\u0628\u0631\u0632","robots":{"index":"index","follow":"follow","max-snippet":"max-snippet:-1","max-image-preview":"max-image-preview:large","max-video-preview":"max-video-preview:-1"},"canonical":"http:\/\/bsga.ir\/1\/flexinivo\/","og_locale":"fa_IR","og_type":"article","og_title":"Flexinivo - \u0628\u0647\u06cc\u0646 \u0635\u0646\u0639\u062a \u06af\u0633\u062a\u0631\u0627\u0646 \u0627\u0644\u0628\u0631\u0632","og_description":"Flexinivo \u0633\u06cc\u0633\u062a\u0645 \u0627\u0646\u062f\u0627\u0632\u0647 \u06af\u06cc\u0631\u06cc \u0633\u0637\u062d \u0628\u0635\u0648\u0631\u062a \u0645\u0633\u062a\u0645\u0631 \u0648 \u0627\u0646\u0639\u0637\u0627\u0641 \u067e\u0630\u06cc\u0631 \u0633\u06cc\u0633\u062a\u0645 \u0686\u0646\u062f \u0645\u0646\u0638\u0648\u0631\u0647 \u0628\u0647 \u0648\u06cc\u0698\u0647 \u0628\u0631\u0627\u06cc \u0627\u0633\u062a\u0641\u0627\u062f\u0647 \u062f\u0631 \u0646\u0631\u0645 \u0627\u0641\u0632\u0627\u0631 \u0627\u0632 \u062f\u0648\u0632 \u062d\u062c\u0645\u06cc \u0628\u0627\u0644\u0627 \u0628\u0631\u0627\u06cc \u0645\u0648\u0627\u062f \u0633\u062e\u062a \u0641\u0644\u0647\u060c \u0645\u0627\u0646\u0646\u062f perlit \u0627\u0644\u06a9\u062a\u0631\u0648\u0646\u06cc\u06a9\u06cc \u0645\u0632\u0627\u06cc\u0627: &#8211; \u0627\u0646\u062f\u0627\u0632\u0647 \u06af\u06cc\u0631\u06cc \u0633\u0637\u0648\u062d \u0627\u0646\u0639\u0637\u0627\u0641 \u067e\u0630\u06cc\u0631 \u0627\u0632 \u0637\u0631\u06cc\u0642 \u062a\u0646\u0638\u06cc\u0645 \u0627\u0631\u062a\u0641\u0627\u0639 \u062a\u0639\u0631\u06cc\u0641 \u0634\u062f\u0647-\u0639\u062f\u0645 \u0646\u06cc\u0627\u0632 \u0628\u0647 \u0627\u067e\u0631\u0627\u062a\u0648\u0631-\u062a\u0627\u062b\u06cc\u0631 \u0646\u0627\u067e\u0630\u06cc\u0631\u06cc \u0627\u0632 \u062a\u063a\u06cc\u06cc\u0631 \u062e\u0648\u0627\u0635 \u0645\u0648\u0627\u062f \u0645\u0627\u0646\u0646\u062f \u0631\u0633\u0627\u0646\u0627\u06cc\u06cc\u060c \u06af\u0631\u062f...","og_url":"http:\/\/bsga.ir\/1\/flexinivo\/","og_site_name":"\u0628\u0647\u06cc\u0646 \u0635\u0646\u0639\u062a \u06af\u0633\u062a\u0631\u0627\u0646 \u0627\u0644\u0628\u0631\u0632","article_modified_time":"2022-06-01T16:10:18+00:00","og_image":[{"url":"http:\/\/bsga.ir\/1\/wp-content\/uploads\/2017\/01\/FlexinivoChart.png"}],"twitter_card":"summary_large_image","schema":{"@context":"https:\/\/schema.org","@graph":[{"@type":"WebPage","@id":"http:\/\/bsga.ir\/1\/flexinivo\/","url":"http:\/\/bsga.ir\/1\/flexinivo\/","name":"Flexinivo - \u0628\u0647\u06cc\u0646 \u0635\u0646\u0639\u062a \u06af\u0633\u062a\u0631\u0627\u0646 \u0627\u0644\u0628\u0631\u0632","isPartOf":{"@id":"http:\/\/bsga.ir\/1\/#website"},"datePublished":"2017-01-25T10:58:54+00:00","dateModified":"2022-06-01T16:10:18+00:00","breadcrumb":{"@id":"http:\/\/bsga.ir\/1\/flexinivo\/#breadcrumb"},"inLanguage":"fa-IR","potentialAction":[{"@type":"ReadAction","target":["http:\/\/bsga.ir\/1\/flexinivo\/"]}]},{"@type":"BreadcrumbList","@id":"http:\/\/bsga.ir\/1\/flexinivo\/#breadcrumb","itemListElement":[{"@type":"ListItem","position":1,"name":"\u062e\u0627\u0646\u0647","item":"http:\/\/bsga.ir\/1\/"},{"@type":"ListItem","position":2,"name":"Flexinivo"}]},{"@type":"WebSite","@id":"http:\/\/bsga.ir\/1\/#website","url":"http:\/\/bsga.ir\/1\/","name":"\u0628\u0647\u06cc\u0646 \u0635\u0646\u0639\u062a \u06af\u0633\u062a\u0631\u0627\u0646 \u0627\u0644\u0628\u0631\u0632","description":"","potentialAction":[{"@type":"SearchAction","target":{"@type":"EntryPoint","urlTemplate":"http:\/\/bsga.ir\/1\/?s={search_term_string}"},"query-input":"required name=search_term_string"}],"inLanguage":"fa-IR"}]}},"_links":{"self":[{"href":"http:\/\/bsga.ir\/1\/wp-json\/wp\/v2\/pages\/2482"}],"collection":[{"href":"http:\/\/bsga.ir\/1\/wp-json\/wp\/v2\/pages"}],"about":[{"href":"http:\/\/bsga.ir\/1\/wp-json\/wp\/v2\/types\/page"}],"author":[{"embeddable":true,"href":"http:\/\/bsga.ir\/1\/wp-json\/wp\/v2\/users\/1"}],"replies":[{"embeddable":true,"href":"http:\/\/bsga.ir\/1\/wp-json\/wp\/v2\/comments?post=2482"}],"version-history":[{"count":9,"href":"http:\/\/bsga.ir\/1\/wp-json\/wp\/v2\/pages\/2482\/revisions"}],"predecessor-version":[{"id":2908,"href":"http:\/\/bsga.ir\/1\/wp-json\/wp\/v2\/pages\/2482\/revisions\/2908"}],"wp:attachment":[{"href":"http:\/\/bsga.ir\/1\/wp-json\/wp\/v2\/media?parent=2482"}],"curies":[{"name":"wp","href":"https:\/\/api.w.org\/{rel}","templated":true}]}}