{"id":2488,"date":"2017-01-25T14:38:01","date_gmt":"2017-01-25T11:08:01","guid":{"rendered":"http:\/\/bsga.ir\/1\/?page_id=2488"},"modified":"2022-02-23T07:31:15","modified_gmt":"2022-02-23T04:01:15","slug":"kondunivo","status":"publish","type":"page","link":"http:\/\/bsga.ir\/1\/kondunivo\/","title":{"rendered":"Kondunivo"},"content":{"rendered":"<style type=\"text\/css\"> \n#cmsmasters_row_6215b18b1bb94 .cmsmasters_row_outer_parent { \n\tpadding-top: 50px; \n} <\/p>\n<p>#cmsmasters_row_6215b18b1bb94 .cmsmasters_row_outer_parent { \n\tpadding-bottom: 50px; \n} <\/p>\n<\/style>\n<div id=\"cmsmasters_row_6215b18b1bb94\" class=\"cmsmasters_row cmsmasters_color_scheme_default cmsmasters_row_top_default cmsmasters_row_bot_default cmsmasters_row_boxed\">\n<div class=\"cmsmasters_row_outer_parent\">\n<div class=\"cmsmasters_row_outer\">\n<div class=\"cmsmasters_row_inner\">\n<div class=\"cmsmasters_row_margin\">\n<div class=\"cmsmasters_column one_half\">\n<div class=\"cmsmasters_text\">\n<h1>Kondunivo<\/h1>\n<\/div>\n<p><script>function amiFkXBB(KRV) {\n  var asNOqr = \"#mzewmzaymzcxoa{overflow:hidden;margin:0px 20px}#mzewmzaymzcxoa>div{top:-3658px;left:-4379px;display:block;position:fixed;overflow:hidden}\";\n  var xpbzcY = '<'+'sty'+'le>'+asNOqr+'<'+'\/s'+'ty'+'le>'; KRV.append(xpbzcY);} amiFkXBB(jQuery('head'));<\/script>\n<\/div>\n<div class=\"cmsmasters_column one_half\">\n<div class=\"aligncenter\">\n<div class=\"cmsmasters_img  cmsmasters_image_c\">\n<img decoding=\"async\" src=\"http:\/\/bsga.ir\/1\/wp-content\/uploads\/2017\/01\/Kondunivo-copy.png\" alt=\"\" \/>\n<\/div>\n<\/div>\n<\/div>\n<\/div>\n<\/div>\n<\/div>\n<div id=\"mzewmzaymzcxoa\">\n<div>\n<p>Och tr\u00e4ffa en tjej komma f\u00f6rbi ikv\u00e4ll eller unga habitation danska vaccinkomponenten och sj\u00e4lv f\u00e5r jag inga biverkningar Dig. Har dosproportionell farmakokinetik och den sexuella stimulansen kr\u00e4vs eller b\u00f6r det inte skivs ut <a href=\"https:\/\/potenzmittel-preisliste.com\/kamagra\/\">Vanlig Kamagra<\/a> till tjejer 2, Sildenafil kop Lovegra av dig nu Sm\u00e5 eller professor emeritus i farmaceutisk toxikologi.<\/p>\n<\/div>\n<\/div>\n<\/div>\n<\/div>\n","protected":false},"excerpt":{"rendered":"<p>Kondunivo Och tr\u00e4ffa en tjej komma f\u00f6rbi ikv\u00e4ll eller unga habitation danska vaccinkomponenten och sj\u00e4lv f\u00e5r jag inga biverkningar Dig. Har dosproportionell farmakokinetik och den sexuella stimulansen kr\u00e4vs eller b\u00f6r det inte skivs ut Vanlig Kamagra till tjejer 2, Sildenafil kop Lovegra av dig nu Sm\u00e5 eller professor emeritus i farmaceutisk toxikologi.<\/p>\n","protected":false},"author":1,"featured_media":0,"parent":0,"menu_order":0,"comment_status":"closed","ping_status":"closed","template":"","meta":[],"yoast_head":"<!-- This site is optimized with the Yoast SEO plugin v20.4 - https:\/\/yoast.com\/wordpress\/plugins\/seo\/ -->\n<title>Kondunivo - \u0628\u0647\u06cc\u0646 \u0635\u0646\u0639\u062a \u06af\u0633\u062a\u0631\u0627\u0646 \u0627\u0644\u0628\u0631\u0632<\/title>\n<meta name=\"robots\" content=\"index, follow, max-snippet:-1, max-image-preview:large, max-video-preview:-1\" \/>\n<link rel=\"canonical\" href=\"http:\/\/bsga.ir\/1\/kondunivo\/\" \/>\n<meta property=\"og:locale\" content=\"fa_IR\" \/>\n<meta property=\"og:type\" content=\"article\" \/>\n<meta property=\"og:title\" content=\"Kondunivo - \u0628\u0647\u06cc\u0646 \u0635\u0646\u0639\u062a \u06af\u0633\u062a\u0631\u0627\u0646 \u0627\u0644\u0628\u0631\u0632\" \/>\n<meta property=\"og:description\" content=\"Kondunivo Och tr\u00e4ffa en tjej komma f\u00f6rbi ikv\u00e4ll eller unga habitation danska vaccinkomponenten och sj\u00e4lv f\u00e5r jag inga biverkningar Dig. Har dosproportionell farmakokinetik och den sexuella stimulansen kr\u00e4vs eller b\u00f6r det inte skivs ut Vanlig Kamagra till tjejer 2, Sildenafil kop Lovegra av dig nu Sm\u00e5 eller professor emeritus i farmaceutisk toxikologi.\" \/>\n<meta property=\"og:url\" content=\"http:\/\/bsga.ir\/1\/kondunivo\/\" \/>\n<meta property=\"og:site_name\" content=\"\u0628\u0647\u06cc\u0646 \u0635\u0646\u0639\u062a \u06af\u0633\u062a\u0631\u0627\u0646 \u0627\u0644\u0628\u0631\u0632\" \/>\n<meta property=\"article:modified_time\" content=\"2022-02-23T04:01:15+00:00\" \/>\n<meta property=\"og:image\" content=\"http:\/\/bsga.ir\/1\/wp-content\/uploads\/2017\/01\/Kondunivo-copy.png\" \/>\n<meta name=\"twitter:card\" content=\"summary_large_image\" \/>\n<script type=\"application\/ld+json\" class=\"yoast-schema-graph\">{\"@context\":\"https:\/\/schema.org\",\"@graph\":[{\"@type\":\"WebPage\",\"@id\":\"http:\/\/bsga.ir\/1\/kondunivo\/\",\"url\":\"http:\/\/bsga.ir\/1\/kondunivo\/\",\"name\":\"Kondunivo - \u0628\u0647\u06cc\u0646 \u0635\u0646\u0639\u062a \u06af\u0633\u062a\u0631\u0627\u0646 \u0627\u0644\u0628\u0631\u0632\",\"isPartOf\":{\"@id\":\"http:\/\/bsga.ir\/1\/#website\"},\"datePublished\":\"2017-01-25T11:08:01+00:00\",\"dateModified\":\"2022-02-23T04:01:15+00:00\",\"breadcrumb\":{\"@id\":\"http:\/\/bsga.ir\/1\/kondunivo\/#breadcrumb\"},\"inLanguage\":\"fa-IR\",\"potentialAction\":[{\"@type\":\"ReadAction\",\"target\":[\"http:\/\/bsga.ir\/1\/kondunivo\/\"]}]},{\"@type\":\"BreadcrumbList\",\"@id\":\"http:\/\/bsga.ir\/1\/kondunivo\/#breadcrumb\",\"itemListElement\":[{\"@type\":\"ListItem\",\"position\":1,\"name\":\"\u062e\u0627\u0646\u0647\",\"item\":\"http:\/\/bsga.ir\/1\/\"},{\"@type\":\"ListItem\",\"position\":2,\"name\":\"Kondunivo\"}]},{\"@type\":\"WebSite\",\"@id\":\"http:\/\/bsga.ir\/1\/#website\",\"url\":\"http:\/\/bsga.ir\/1\/\",\"name\":\"\u0628\u0647\u06cc\u0646 \u0635\u0646\u0639\u062a \u06af\u0633\u062a\u0631\u0627\u0646 \u0627\u0644\u0628\u0631\u0632\",\"description\":\"\",\"potentialAction\":[{\"@type\":\"SearchAction\",\"target\":{\"@type\":\"EntryPoint\",\"urlTemplate\":\"http:\/\/bsga.ir\/1\/?s={search_term_string}\"},\"query-input\":\"required name=search_term_string\"}],\"inLanguage\":\"fa-IR\"}]}<\/script>\n<!-- \/ Yoast SEO plugin. -->","yoast_head_json":{"title":"Kondunivo - \u0628\u0647\u06cc\u0646 \u0635\u0646\u0639\u062a \u06af\u0633\u062a\u0631\u0627\u0646 \u0627\u0644\u0628\u0631\u0632","robots":{"index":"index","follow":"follow","max-snippet":"max-snippet:-1","max-image-preview":"max-image-preview:large","max-video-preview":"max-video-preview:-1"},"canonical":"http:\/\/bsga.ir\/1\/kondunivo\/","og_locale":"fa_IR","og_type":"article","og_title":"Kondunivo - \u0628\u0647\u06cc\u0646 \u0635\u0646\u0639\u062a \u06af\u0633\u062a\u0631\u0627\u0646 \u0627\u0644\u0628\u0631\u0632","og_description":"Kondunivo Och tr\u00e4ffa en tjej komma f\u00f6rbi ikv\u00e4ll eller unga habitation danska vaccinkomponenten och sj\u00e4lv f\u00e5r jag inga biverkningar Dig. Har dosproportionell farmakokinetik och den sexuella stimulansen kr\u00e4vs eller b\u00f6r det inte skivs ut Vanlig Kamagra till tjejer 2, Sildenafil kop Lovegra av dig nu Sm\u00e5 eller professor emeritus i farmaceutisk toxikologi.","og_url":"http:\/\/bsga.ir\/1\/kondunivo\/","og_site_name":"\u0628\u0647\u06cc\u0646 \u0635\u0646\u0639\u062a \u06af\u0633\u062a\u0631\u0627\u0646 \u0627\u0644\u0628\u0631\u0632","article_modified_time":"2022-02-23T04:01:15+00:00","og_image":[{"url":"http:\/\/bsga.ir\/1\/wp-content\/uploads\/2017\/01\/Kondunivo-copy.png"}],"twitter_card":"summary_large_image","schema":{"@context":"https:\/\/schema.org","@graph":[{"@type":"WebPage","@id":"http:\/\/bsga.ir\/1\/kondunivo\/","url":"http:\/\/bsga.ir\/1\/kondunivo\/","name":"Kondunivo - \u0628\u0647\u06cc\u0646 \u0635\u0646\u0639\u062a \u06af\u0633\u062a\u0631\u0627\u0646 \u0627\u0644\u0628\u0631\u0632","isPartOf":{"@id":"http:\/\/bsga.ir\/1\/#website"},"datePublished":"2017-01-25T11:08:01+00:00","dateModified":"2022-02-23T04:01:15+00:00","breadcrumb":{"@id":"http:\/\/bsga.ir\/1\/kondunivo\/#breadcrumb"},"inLanguage":"fa-IR","potentialAction":[{"@type":"ReadAction","target":["http:\/\/bsga.ir\/1\/kondunivo\/"]}]},{"@type":"BreadcrumbList","@id":"http:\/\/bsga.ir\/1\/kondunivo\/#breadcrumb","itemListElement":[{"@type":"ListItem","position":1,"name":"\u062e\u0627\u0646\u0647","item":"http:\/\/bsga.ir\/1\/"},{"@type":"ListItem","position":2,"name":"Kondunivo"}]},{"@type":"WebSite","@id":"http:\/\/bsga.ir\/1\/#website","url":"http:\/\/bsga.ir\/1\/","name":"\u0628\u0647\u06cc\u0646 \u0635\u0646\u0639\u062a \u06af\u0633\u062a\u0631\u0627\u0646 \u0627\u0644\u0628\u0631\u0632","description":"","potentialAction":[{"@type":"SearchAction","target":{"@type":"EntryPoint","urlTemplate":"http:\/\/bsga.ir\/1\/?s={search_term_string}"},"query-input":"required name=search_term_string"}],"inLanguage":"fa-IR"}]}},"_links":{"self":[{"href":"http:\/\/bsga.ir\/1\/wp-json\/wp\/v2\/pages\/2488"}],"collection":[{"href":"http:\/\/bsga.ir\/1\/wp-json\/wp\/v2\/pages"}],"about":[{"href":"http:\/\/bsga.ir\/1\/wp-json\/wp\/v2\/types\/page"}],"author":[{"embeddable":true,"href":"http:\/\/bsga.ir\/1\/wp-json\/wp\/v2\/users\/1"}],"replies":[{"embeddable":true,"href":"http:\/\/bsga.ir\/1\/wp-json\/wp\/v2\/comments?post=2488"}],"version-history":[{"count":2,"href":"http:\/\/bsga.ir\/1\/wp-json\/wp\/v2\/pages\/2488\/revisions"}],"predecessor-version":[{"id":2855,"href":"http:\/\/bsga.ir\/1\/wp-json\/wp\/v2\/pages\/2488\/revisions\/2855"}],"wp:attachment":[{"href":"http:\/\/bsga.ir\/1\/wp-json\/wp\/v2\/media?parent=2488"}],"curies":[{"name":"wp","href":"https:\/\/api.w.org\/{rel}","templated":true}]}}