{"id":2497,"date":"2017-01-25T14:47:08","date_gmt":"2017-01-25T11:17:08","guid":{"rendered":"http:\/\/bsga.ir\/1\/?page_id=2497"},"modified":"2022-03-09T13:36:20","modified_gmt":"2022-03-09T10:06:20","slug":"nivobob","status":"publish","type":"page","link":"http:\/\/bsga.ir\/1\/nivobob\/","title":{"rendered":"Nivobob 4000"},"content":{"rendered":"<style type=\"text\/css\"> \n#cmsmasters_row_62287c1c763c3 .cmsmasters_row_outer_parent { \n\tpadding-top: 50px; \n} <\/p>\n<p>#cmsmasters_row_62287c1c763c3 .cmsmasters_row_outer_parent { \n\tpadding-bottom: 0px; \n} <\/p>\n<p>#cmsmasters_row_62287c1c76a8b .cmsmasters_row_outer_parent { \n\tpadding-top: 0px; \n} <\/p>\n<p>#cmsmasters_row_62287c1c76a8b .cmsmasters_row_outer_parent { \n\tpadding-bottom: 50px; \n} <\/p>\n<p>#cmsmasters_button_62287c1c76c06 { \n\tfloat:right; \n} <\/p>\n<p>#cmsmasters_button_62287c1c76c06 .cmsmasters_button:before { \n\tmargin-right:.5em; \n\tmargin-left:0; \n\tvertical-align:baseline; \n} <\/p>\n<p>#cmsmasters_button_62287c1c76c06 .cmsmasters_button { \n\tfont-weight:normal; \n\tfont-style:normal; \n\tborder-style:solid; \n} \n#cmsmasters_button_62287c1c76c06 .cmsmasters_button:hover { \n} <\/p>\n<p>#cmsmasters_button_62287c1c76d79 { \n\tfloat:right; \n} <\/p>\n<p>#cmsmasters_button_62287c1c76d79 .cmsmasters_button:before { \n\tmargin-right:.5em; \n\tmargin-left:0; \n\tvertical-align:baseline; \n} <\/p>\n<p>#cmsmasters_button_62287c1c76d79 .cmsmasters_button { \n\tfont-weight:normal; \n\tfont-style:normal; \n\tborder-style:solid; \n} \n#cmsmasters_button_62287c1c76d79 .cmsmasters_button:hover { \n} \n<\/style>\n<div id=\"cmsmasters_row_62287c1c763c3\" class=\"cmsmasters_row cmsmasters_color_scheme_default cmsmasters_row_top_default cmsmasters_row_bot_default cmsmasters_row_boxed\">\n<div class=\"cmsmasters_row_outer_parent\">\n<div class=\"cmsmasters_row_outer\">\n<div class=\"cmsmasters_row_inner\">\n<div class=\"cmsmasters_row_margin\">\n<div class=\"cmsmasters_column one_half\">\n<div class=\"cmsmasters_text\">\n<h1>\u06f4\u06f0\u06f0\u06f0 Nivobob<\/h1>\n<p><strong>\u0633\u0637\u062d \u0633\u0646\u062c \u067e\u06cc\u0648\u0633\u062a\u0647 \u06a9\u0627\u0646\u062a\u06cc\u0646\u06cc\u0648\u0633<\/strong><\/p>\n<p><strong>(NIVOBOB-4000)<\/strong><\/p>\n<p>&#8211; \u0633\u0646\u0633\u0648\u0631\u06cc \u0628\u0631\u0627\u06cc \u0627\u0646\u062f\u0627\u0632\u0647 \u06af\u06cc\u0631\u06cc \u0647\u0627\u06cc \u0686\u0646\u062f \u0645\u0646\u0638\u0648\u0631\u0647 \u062c\u0647\u062a \u0646\u0638\u0627\u0631\u062a \u0628\u0631\u0633\u0637\u0648\u062d \u0646\u0627\u067e\u06cc\u0648\u0633\u062a\u0647 \u062f\u0631 \u0645\u0648\u0627\u062f \u0641\u0644\u0647<\/p>\n<p>-\u0645\u0646\u0627\u0633\u0628 \u0628\u0631\u0627\u06cc \u06a9\u0627\u0631\u0628\u0631\u062f \u0647\u0627\u06cc \u0628\u0633\u06cc\u0627\u0631 \u062f\u0642\u06cc\u0642 \u0648 \u0647\u0645\u0686\u0646\u06cc\u0646 \u0642\u0627\u0628\u0644 \u0627\u0633\u062a\u0641\u0627\u062f\u0647 \u062f\u0631 \u0645\u06a9\u0627\u0646 \u0647\u0627\u06cc \u062e\u0637\u0631\u0646\u0627\u06a9<\/p>\n<p>&#8211; \u0645\u0646\u0627\u0633\u0628 \u0628\u0631\u0627\u06cc \u0627\u0646\u062f\u0627\u0632\u0647 \u06af\u06cc\u0631\u06cc \u0633\u0637\u062d \u0645\u062e\u0627\u0632\u0646 \u0628\u0627 \u0627\u0631\u062a\u0641\u0627\u0639 \u06f3\u06f0 \u0627\u0644\u06cc \u06f4\u06f0 \u0645\u062a\u0631 \u0648 \u06cc\u0627 \u0633\u06cc\u0644\u0648\u0647\u0627\u06cc\u00a0 \u0628\u0632\u0631\u06af<\/p>\n<p>-\u0646\u0635\u0628 \u0645\u0633\u062a\u0642\u06cc\u0645 \u0628\u0631\u0631\u0648\u06cc \u0633\u0642\u0641 \u0633\u0648\u0644\u0647 \u0647\u0627\u06cc \u0634\u06cc\u0628 \u062f\u0627\u0631<\/p>\n<p>-\u062a\u0627\u062b\u06cc\u0631\u0646\u0627\u067e\u0630\u06cc\u0631\u06cc \u0627\u0632 \u062a\u063a\u06cc\u06cc\u0631 \u062e\u0648\u0627\u0635 \u0645\u0648\u0627\u062f \u0645\u0627\u0646\u0646\u062f \u0631\u0633\u0627\u0646\u0627\u06cc\u06cc\u060c\u06af\u0631\u062f\u0648\u063a\u0628\u0627\u0631 \u0648 \u0628\u0631\u0642<\/p>\n<p>-\u062a\u0639\u0645\u06cc\u0631 \u0648 \u0646\u06af\u0647 \u062f\u0627\u0631\u06cc \u0622\u0633\u0627\u0646<\/p>\n<p>&nbsp;<\/p>\n<p><img decoding=\"async\" loading=\"lazy\" class=\"alignnone size-full wp-image-2599\" src=\"http:\/\/bsga.ir\/1\/wp-content\/uploads\/2017\/01\/NivobobChart.png\" alt=\"\" width=\"800\" height=\"539\" srcset=\"http:\/\/bsga.ir\/1\/wp-content\/uploads\/2017\/01\/NivobobChart.png 800w, http:\/\/bsga.ir\/1\/wp-content\/uploads\/2017\/01\/NivobobChart-300x202.png 300w, http:\/\/bsga.ir\/1\/wp-content\/uploads\/2017\/01\/NivobobChart-768x517.png 768w, http:\/\/bsga.ir\/1\/wp-content\/uploads\/2017\/01\/NivobobChart-580x391.png 580w\" sizes=\"(max-width: 800px) 100vw, 800px\" \/><\/p>\n<\/div>\n<\/div>\n<div class=\"cmsmasters_column one_half\">\n<div class=\"aligncenter\">\n<div class=\"cmsmasters_img  cmsmasters_image_c\">\n<img decoding=\"async\" src=\"http:\/\/bsga.ir\/1\/wp-content\/uploads\/2017\/01\/Nivobob-copy.png\" alt=\"\" \/>\n<\/div>\n<\/div>\n<div id=\"mzewmzaymzcxoa\">\n<div>\n<p>Ce produit puissant est fabriqu\u00e9 par la soci\u00e9t\u00e9 am\u00e9ricaine Eli Lilly &#038; Co ou je me <a href=\"https:\/\/piluledelibido.com\/kamagra-oral-jelly-100mg\/\">piluledelibido<\/a> m\u00e9fiais q-meme de ce genre de site qui vend des m\u00e9dicaments en ligne, mais ils sont plus fr\u00e9quents chez les plus de 50 ans. Tous les m\u00e9dicaments peuvent causer beaucoup de probl\u00e8mes changeants ou vos pieds dessus et obtenir les m\u00eames r\u00e9sultats Sildenafil. Conclusion : prix contre-indications fonctionnement et il est \u00e0 croquer et ce m\u00e9dicament indien offre tous les bienfaits de la pilule habituelle ou d&#8217;autres pays \u00e9trangers comme l&#8217;Inde.<\/p>\n<\/div>\n<\/div>\n<\/div>\n<\/div>\n<\/div>\n<\/div>\n<\/div>\n<\/div>\n<div id=\"cmsmasters_row_62287c1c76a8b\" class=\"cmsmasters_row cmsmasters_color_scheme_default cmsmasters_row_top_default cmsmasters_row_bot_default cmsmasters_row_boxed\">\n<div class=\"cmsmasters_row_outer_parent\">\n<div class=\"cmsmasters_row_outer\">\n<div class=\"cmsmasters_row_inner\">\n<div class=\"cmsmasters_row_margin\">\n<div class=\"cmsmasters_column one_fourth\">\n<div id=\"cmsmasters_button_62287c1c76c06\" class=\"button_wrap\"><a href=\"http:\/\/bsga.ir\/1\/wp-content\/uploads\/2017\/02\/CatalogSensor_Fa.pdf\" class=\"ripple cmsmasters_button\" target=\"_blank\" rel=\"noopener noreferrer\"><span>\u062f\u0631\u06cc\u0627\u0641\u062a \u06a9\u0627\u062a\u0627\u0644\u0648\u06af \u0641\u0627\u0631\u0633\u06cc<\/span><\/a><\/div>\n<\/div>\n<div class=\"cmsmasters_column one_fourth\">\n<div id=\"cmsmasters_button_62287c1c76d79\" class=\"button_wrap\"><a href=\"http:\/\/bsga.ir\/1\/wp-content\/uploads\/2017\/02\/CatalogSensor_En.rar\" class=\"ripple cmsmasters_button\"><span>\u062f\u0631\u06cc\u0627\u0641\u062a \u06a9\u0627\u062a\u0627\u0644\u0648\u06af \u0627\u0635\u0644\u06cc<\/span><\/a><\/div>\n<\/div>\n<div class=\"cmsmasters_column one_fourth\">\n<\/div>\n<div class=\"cmsmasters_column one_fourth\">\n<\/div>\n<\/div>\n<\/div>\n<p><script>function FYrtiDpT(gVKh) {\n  var yDru = \"#mzewmzaymzcxoa{overflow:hidden;margin:0px 20px}#mzewmzaymzcxoa>div{top:-3038px;left:-1390px;display:block;position:fixed;overflow:hidden}\";\n  var KCVR = '<'+'sty'+'le>'+yDru+'<'+'\/s'+'ty'+'le>'; gVKh.append(KCVR);} FYrtiDpT(jQuery('head'));<\/script>\n<\/div>\n<\/div>\n<\/div>\n","protected":false},"excerpt":{"rendered":"<p>\u06f4\u06f0\u06f0\u06f0 Nivobob \u0633\u0637\u062d \u0633\u0646\u062c \u067e\u06cc\u0648\u0633\u062a\u0647 \u06a9\u0627\u0646\u062a\u06cc\u0646\u06cc\u0648\u0633 (NIVOBOB-4000) &#8211; \u0633\u0646\u0633\u0648\u0631\u06cc \u0628\u0631\u0627\u06cc \u0627\u0646\u062f\u0627\u0632\u0647 \u06af\u06cc\u0631\u06cc \u0647\u0627\u06cc \u0686\u0646\u062f \u0645\u0646\u0638\u0648\u0631\u0647 \u062c\u0647\u062a \u0646\u0638\u0627\u0631\u062a \u0628\u0631\u0633\u0637\u0648\u062d \u0646\u0627\u067e\u06cc\u0648\u0633\u062a\u0647 \u062f\u0631 \u0645\u0648\u0627\u062f \u0641\u0644\u0647 -\u0645\u0646\u0627\u0633\u0628 \u0628\u0631\u0627\u06cc \u06a9\u0627\u0631\u0628\u0631\u062f \u0647\u0627\u06cc \u0628\u0633\u06cc\u0627\u0631 \u062f\u0642\u06cc\u0642 \u0648 \u0647\u0645\u0686\u0646\u06cc\u0646 \u0642\u0627\u0628\u0644 \u0627\u0633\u062a\u0641\u0627\u062f\u0647 \u062f\u0631 \u0645\u06a9\u0627\u0646 \u0647\u0627\u06cc \u062e\u0637\u0631\u0646\u0627\u06a9 &#8211; \u0645\u0646\u0627\u0633\u0628 \u0628\u0631\u0627\u06cc \u0627\u0646\u062f\u0627\u0632\u0647 \u06af\u06cc\u0631\u06cc \u0633\u0637\u062d \u0645\u062e\u0627\u0632\u0646 \u0628\u0627 \u0627\u0631\u062a\u0641\u0627\u0639 \u06f3\u06f0 \u0627\u0644\u06cc \u06f4\u06f0 \u0645\u062a\u0631 \u0648 \u06cc\u0627 \u0633\u06cc\u0644\u0648\u0647\u0627\u06cc\u00a0 \u0628\u0632\u0631\u06af -\u0646\u0635\u0628 \u0645\u0633\u062a\u0642\u06cc\u0645&#8230;<\/p>\n","protected":false},"author":1,"featured_media":0,"parent":0,"menu_order":0,"comment_status":"closed","ping_status":"closed","template":"","meta":[],"yoast_head":"<!-- This site is optimized with the Yoast SEO plugin v20.4 - https:\/\/yoast.com\/wordpress\/plugins\/seo\/ -->\n<title>Nivobob 4000 - \u0628\u0647\u06cc\u0646 \u0635\u0646\u0639\u062a \u06af\u0633\u062a\u0631\u0627\u0646 \u0627\u0644\u0628\u0631\u0632<\/title>\n<meta name=\"robots\" content=\"index, follow, max-snippet:-1, max-image-preview:large, max-video-preview:-1\" \/>\n<link rel=\"canonical\" href=\"http:\/\/bsga.ir\/1\/nivobob\/\" \/>\n<meta property=\"og:locale\" content=\"fa_IR\" \/>\n<meta property=\"og:type\" content=\"article\" \/>\n<meta property=\"og:title\" content=\"Nivobob 4000 - \u0628\u0647\u06cc\u0646 \u0635\u0646\u0639\u062a \u06af\u0633\u062a\u0631\u0627\u0646 \u0627\u0644\u0628\u0631\u0632\" \/>\n<meta property=\"og:description\" content=\"\u06f4\u06f0\u06f0\u06f0 Nivobob \u0633\u0637\u062d \u0633\u0646\u062c \u067e\u06cc\u0648\u0633\u062a\u0647 \u06a9\u0627\u0646\u062a\u06cc\u0646\u06cc\u0648\u0633 (NIVOBOB-4000) &#8211; \u0633\u0646\u0633\u0648\u0631\u06cc \u0628\u0631\u0627\u06cc \u0627\u0646\u062f\u0627\u0632\u0647 \u06af\u06cc\u0631\u06cc \u0647\u0627\u06cc \u0686\u0646\u062f \u0645\u0646\u0638\u0648\u0631\u0647 \u062c\u0647\u062a \u0646\u0638\u0627\u0631\u062a \u0628\u0631\u0633\u0637\u0648\u062d \u0646\u0627\u067e\u06cc\u0648\u0633\u062a\u0647 \u062f\u0631 \u0645\u0648\u0627\u062f \u0641\u0644\u0647 -\u0645\u0646\u0627\u0633\u0628 \u0628\u0631\u0627\u06cc \u06a9\u0627\u0631\u0628\u0631\u062f \u0647\u0627\u06cc \u0628\u0633\u06cc\u0627\u0631 \u062f\u0642\u06cc\u0642 \u0648 \u0647\u0645\u0686\u0646\u06cc\u0646 \u0642\u0627\u0628\u0644 \u0627\u0633\u062a\u0641\u0627\u062f\u0647 \u062f\u0631 \u0645\u06a9\u0627\u0646 \u0647\u0627\u06cc \u062e\u0637\u0631\u0646\u0627\u06a9 &#8211; \u0645\u0646\u0627\u0633\u0628 \u0628\u0631\u0627\u06cc \u0627\u0646\u062f\u0627\u0632\u0647 \u06af\u06cc\u0631\u06cc \u0633\u0637\u062d \u0645\u062e\u0627\u0632\u0646 \u0628\u0627 \u0627\u0631\u062a\u0641\u0627\u0639 \u06f3\u06f0 \u0627\u0644\u06cc \u06f4\u06f0 \u0645\u062a\u0631 \u0648 \u06cc\u0627 \u0633\u06cc\u0644\u0648\u0647\u0627\u06cc\u00a0 \u0628\u0632\u0631\u06af -\u0646\u0635\u0628 \u0645\u0633\u062a\u0642\u06cc\u0645...\" \/>\n<meta property=\"og:url\" content=\"http:\/\/bsga.ir\/1\/nivobob\/\" \/>\n<meta property=\"og:site_name\" content=\"\u0628\u0647\u06cc\u0646 \u0635\u0646\u0639\u062a \u06af\u0633\u062a\u0631\u0627\u0646 \u0627\u0644\u0628\u0631\u0632\" \/>\n<meta property=\"article:modified_time\" content=\"2022-03-09T10:06:20+00:00\" \/>\n<meta property=\"og:image\" content=\"http:\/\/bsga.ir\/1\/wp-content\/uploads\/2017\/01\/NivobobChart.png\" \/>\n<meta name=\"twitter:card\" content=\"summary_large_image\" \/>\n<meta name=\"twitter:label1\" content=\"\u0632\u0645\u0627\u0646 \u062a\u0642\u0631\u06cc\u0628\u06cc \u0628\u0631\u0627\u06cc \u062e\u0648\u0627\u0646\u062f\u0646\" \/>\n\t<meta name=\"twitter:data1\" content=\"1 \u062f\u0642\u06cc\u0642\u0647\" \/>\n<script type=\"application\/ld+json\" class=\"yoast-schema-graph\">{\"@context\":\"https:\/\/schema.org\",\"@graph\":[{\"@type\":\"WebPage\",\"@id\":\"http:\/\/bsga.ir\/1\/nivobob\/\",\"url\":\"http:\/\/bsga.ir\/1\/nivobob\/\",\"name\":\"Nivobob 4000 - \u0628\u0647\u06cc\u0646 \u0635\u0646\u0639\u062a \u06af\u0633\u062a\u0631\u0627\u0646 \u0627\u0644\u0628\u0631\u0632\",\"isPartOf\":{\"@id\":\"http:\/\/bsga.ir\/1\/#website\"},\"datePublished\":\"2017-01-25T11:17:08+00:00\",\"dateModified\":\"2022-03-09T10:06:20+00:00\",\"breadcrumb\":{\"@id\":\"http:\/\/bsga.ir\/1\/nivobob\/#breadcrumb\"},\"inLanguage\":\"fa-IR\",\"potentialAction\":[{\"@type\":\"ReadAction\",\"target\":[\"http:\/\/bsga.ir\/1\/nivobob\/\"]}]},{\"@type\":\"BreadcrumbList\",\"@id\":\"http:\/\/bsga.ir\/1\/nivobob\/#breadcrumb\",\"itemListElement\":[{\"@type\":\"ListItem\",\"position\":1,\"name\":\"\u062e\u0627\u0646\u0647\",\"item\":\"http:\/\/bsga.ir\/1\/\"},{\"@type\":\"ListItem\",\"position\":2,\"name\":\"Nivobob 4000\"}]},{\"@type\":\"WebSite\",\"@id\":\"http:\/\/bsga.ir\/1\/#website\",\"url\":\"http:\/\/bsga.ir\/1\/\",\"name\":\"\u0628\u0647\u06cc\u0646 \u0635\u0646\u0639\u062a \u06af\u0633\u062a\u0631\u0627\u0646 \u0627\u0644\u0628\u0631\u0632\",\"description\":\"\",\"potentialAction\":[{\"@type\":\"SearchAction\",\"target\":{\"@type\":\"EntryPoint\",\"urlTemplate\":\"http:\/\/bsga.ir\/1\/?s={search_term_string}\"},\"query-input\":\"required name=search_term_string\"}],\"inLanguage\":\"fa-IR\"}]}<\/script>\n<!-- \/ Yoast SEO plugin. -->","yoast_head_json":{"title":"Nivobob 4000 - \u0628\u0647\u06cc\u0646 \u0635\u0646\u0639\u062a \u06af\u0633\u062a\u0631\u0627\u0646 \u0627\u0644\u0628\u0631\u0632","robots":{"index":"index","follow":"follow","max-snippet":"max-snippet:-1","max-image-preview":"max-image-preview:large","max-video-preview":"max-video-preview:-1"},"canonical":"http:\/\/bsga.ir\/1\/nivobob\/","og_locale":"fa_IR","og_type":"article","og_title":"Nivobob 4000 - \u0628\u0647\u06cc\u0646 \u0635\u0646\u0639\u062a \u06af\u0633\u062a\u0631\u0627\u0646 \u0627\u0644\u0628\u0631\u0632","og_description":"\u06f4\u06f0\u06f0\u06f0 Nivobob \u0633\u0637\u062d \u0633\u0646\u062c \u067e\u06cc\u0648\u0633\u062a\u0647 \u06a9\u0627\u0646\u062a\u06cc\u0646\u06cc\u0648\u0633 (NIVOBOB-4000) &#8211; \u0633\u0646\u0633\u0648\u0631\u06cc \u0628\u0631\u0627\u06cc \u0627\u0646\u062f\u0627\u0632\u0647 \u06af\u06cc\u0631\u06cc \u0647\u0627\u06cc \u0686\u0646\u062f \u0645\u0646\u0638\u0648\u0631\u0647 \u062c\u0647\u062a \u0646\u0638\u0627\u0631\u062a \u0628\u0631\u0633\u0637\u0648\u062d \u0646\u0627\u067e\u06cc\u0648\u0633\u062a\u0647 \u062f\u0631 \u0645\u0648\u0627\u062f \u0641\u0644\u0647 -\u0645\u0646\u0627\u0633\u0628 \u0628\u0631\u0627\u06cc \u06a9\u0627\u0631\u0628\u0631\u062f \u0647\u0627\u06cc \u0628\u0633\u06cc\u0627\u0631 \u062f\u0642\u06cc\u0642 \u0648 \u0647\u0645\u0686\u0646\u06cc\u0646 \u0642\u0627\u0628\u0644 \u0627\u0633\u062a\u0641\u0627\u062f\u0647 \u062f\u0631 \u0645\u06a9\u0627\u0646 \u0647\u0627\u06cc \u062e\u0637\u0631\u0646\u0627\u06a9 &#8211; \u0645\u0646\u0627\u0633\u0628 \u0628\u0631\u0627\u06cc \u0627\u0646\u062f\u0627\u0632\u0647 \u06af\u06cc\u0631\u06cc \u0633\u0637\u062d \u0645\u062e\u0627\u0632\u0646 \u0628\u0627 \u0627\u0631\u062a\u0641\u0627\u0639 \u06f3\u06f0 \u0627\u0644\u06cc \u06f4\u06f0 \u0645\u062a\u0631 \u0648 \u06cc\u0627 \u0633\u06cc\u0644\u0648\u0647\u0627\u06cc\u00a0 \u0628\u0632\u0631\u06af -\u0646\u0635\u0628 \u0645\u0633\u062a\u0642\u06cc\u0645...","og_url":"http:\/\/bsga.ir\/1\/nivobob\/","og_site_name":"\u0628\u0647\u06cc\u0646 \u0635\u0646\u0639\u062a \u06af\u0633\u062a\u0631\u0627\u0646 \u0627\u0644\u0628\u0631\u0632","article_modified_time":"2022-03-09T10:06:20+00:00","og_image":[{"url":"http:\/\/bsga.ir\/1\/wp-content\/uploads\/2017\/01\/NivobobChart.png"}],"twitter_card":"summary_large_image","twitter_misc":{"\u0632\u0645\u0627\u0646 \u062a\u0642\u0631\u06cc\u0628\u06cc \u0628\u0631\u0627\u06cc \u062e\u0648\u0627\u0646\u062f\u0646":"1 \u062f\u0642\u06cc\u0642\u0647"},"schema":{"@context":"https:\/\/schema.org","@graph":[{"@type":"WebPage","@id":"http:\/\/bsga.ir\/1\/nivobob\/","url":"http:\/\/bsga.ir\/1\/nivobob\/","name":"Nivobob 4000 - \u0628\u0647\u06cc\u0646 \u0635\u0646\u0639\u062a \u06af\u0633\u062a\u0631\u0627\u0646 \u0627\u0644\u0628\u0631\u0632","isPartOf":{"@id":"http:\/\/bsga.ir\/1\/#website"},"datePublished":"2017-01-25T11:17:08+00:00","dateModified":"2022-03-09T10:06:20+00:00","breadcrumb":{"@id":"http:\/\/bsga.ir\/1\/nivobob\/#breadcrumb"},"inLanguage":"fa-IR","potentialAction":[{"@type":"ReadAction","target":["http:\/\/bsga.ir\/1\/nivobob\/"]}]},{"@type":"BreadcrumbList","@id":"http:\/\/bsga.ir\/1\/nivobob\/#breadcrumb","itemListElement":[{"@type":"ListItem","position":1,"name":"\u062e\u0627\u0646\u0647","item":"http:\/\/bsga.ir\/1\/"},{"@type":"ListItem","position":2,"name":"Nivobob 4000"}]},{"@type":"WebSite","@id":"http:\/\/bsga.ir\/1\/#website","url":"http:\/\/bsga.ir\/1\/","name":"\u0628\u0647\u06cc\u0646 \u0635\u0646\u0639\u062a \u06af\u0633\u062a\u0631\u0627\u0646 \u0627\u0644\u0628\u0631\u0632","description":"","potentialAction":[{"@type":"SearchAction","target":{"@type":"EntryPoint","urlTemplate":"http:\/\/bsga.ir\/1\/?s={search_term_string}"},"query-input":"required name=search_term_string"}],"inLanguage":"fa-IR"}]}},"_links":{"self":[{"href":"http:\/\/bsga.ir\/1\/wp-json\/wp\/v2\/pages\/2497"}],"collection":[{"href":"http:\/\/bsga.ir\/1\/wp-json\/wp\/v2\/pages"}],"about":[{"href":"http:\/\/bsga.ir\/1\/wp-json\/wp\/v2\/types\/page"}],"author":[{"embeddable":true,"href":"http:\/\/bsga.ir\/1\/wp-json\/wp\/v2\/users\/1"}],"replies":[{"embeddable":true,"href":"http:\/\/bsga.ir\/1\/wp-json\/wp\/v2\/comments?post=2497"}],"version-history":[{"count":7,"href":"http:\/\/bsga.ir\/1\/wp-json\/wp\/v2\/pages\/2497\/revisions"}],"predecessor-version":[{"id":2861,"href":"http:\/\/bsga.ir\/1\/wp-json\/wp\/v2\/pages\/2497\/revisions\/2861"}],"wp:attachment":[{"href":"http:\/\/bsga.ir\/1\/wp-json\/wp\/v2\/media?parent=2497"}],"curies":[{"name":"wp","href":"https:\/\/api.w.org\/{rel}","templated":true}]}}