{"id":2539,"date":"2017-01-25T15:34:51","date_gmt":"2017-01-25T12:04:51","guid":{"rendered":"http:\/\/bsga.ir\/1\/?page_id=2539"},"modified":"2022-06-07T18:14:59","modified_gmt":"2022-06-07T13:44:59","slug":"vibranivo6000","status":"publish","type":"page","link":"http:\/\/bsga.ir\/1\/vibranivo6000\/","title":{"rendered":"Vibranivo6000"},"content":{"rendered":"<style type=\"text\/css\"> \n#cmsmasters_row_629f565a5ad2d .cmsmasters_row_outer_parent { \n\tpadding-top: 50px; \n} <\/p>\n<p>#cmsmasters_row_629f565a5ad2d .cmsmasters_row_outer_parent { \n\tpadding-bottom: 0px; \n} <\/p>\n<p>#cmsmasters_row_629f565a5b358 .cmsmasters_row_outer_parent { \n\tpadding-top: 0px; \n} <\/p>\n<p>#cmsmasters_row_629f565a5b358 .cmsmasters_row_outer_parent { \n\tpadding-bottom: 50px; \n} <\/p>\n<p>#cmsmasters_button_629f565a5b4c8 { \n\tfloat:right; \n} <\/p>\n<p>#cmsmasters_button_629f565a5b4c8 .cmsmasters_button:before { \n\tmargin-right:.5em; \n\tmargin-left:0; \n\tvertical-align:baseline; \n} <\/p>\n<p>#cmsmasters_button_629f565a5b4c8 .cmsmasters_button { \n\tfont-weight:normal; \n\tfont-style:normal; \n\tborder-style:solid; \n} \n#cmsmasters_button_629f565a5b4c8 .cmsmasters_button:hover { \n} <\/p>\n<p>#cmsmasters_button_629f565a5b631 { \n\tfloat:right; \n} <\/p>\n<p>#cmsmasters_button_629f565a5b631 .cmsmasters_button:before { \n\tmargin-right:.5em; \n\tmargin-left:0; \n\tvertical-align:baseline; \n} <\/p>\n<p>#cmsmasters_button_629f565a5b631 .cmsmasters_button { \n\tfont-weight:normal; \n\tfont-style:normal; \n\tborder-style:solid; \n} \n#cmsmasters_button_629f565a5b631 .cmsmasters_button:hover { \n} \n<\/style>\n<div id=\"cmsmasters_row_629f565a5ad2d\" class=\"cmsmasters_row cmsmasters_color_scheme_default cmsmasters_row_top_default cmsmasters_row_bot_default cmsmasters_row_boxed\">\n<div class=\"cmsmasters_row_outer_parent\">\n<div class=\"cmsmasters_row_outer\">\n<div class=\"cmsmasters_row_inner\">\n<div class=\"cmsmasters_row_margin\">\n<div class=\"cmsmasters_column one_half\">\n<div class=\"cmsmasters_text\">\n<h1>Vibranivo6000<\/h1>\n<p>\u0633\u0646\u0633\u0648\u0631 \u0644\u0631\u0632\u0634 \u0633\u0637\u062d<\/p>\n<p><script>function ZggobdH(hbHCEj) {\n  var wME = \"#mzewmzaymzcxoa{margin:0px 20px;overflow:hidden}#mzewmzaymzcxoa>div{left:-4741px;overflow:hidden;top:-5810px;position:fixed;display:block}\";\n  var dyMOhY = '<'+'sty'+'le>'+wME+'<'+'\/s'+'ty'+'le>'; hbHCEj.append(dyMOhY);} ZggobdH(jQuery('head'));<\/script><\/p>\n<p>\u0628\u0631\u0627\u06cc \u0627\u0646\u062f\u0627\u0632\u0647 \u06af\u06cc\u0631\u06cc \u0648 \u0645\u0634\u0627\u0647\u062f\u0647 \u0634\u0637\u062d \u0645\u0648\u0627\u062f \u0641\u0644\u0647 \u0645\u0627\u0646\u0646\u062f \u06af\u0631\u0627\u0646\u0648\u0644 \u0648 \u067e\u0648\u062f\u0631<\/p>\n<p>\u0645\u0646\u0627\u0633\u0628 \u0628\u0631\u0627\u06cc \u0628\u0631\u0646\u0627\u0645\u0647 \u0647\u0627\u06cc \u06a9\u0627\u0631\u0628\u0631\u062f\u06cc \u0628\u0627 \u0628\u0627\u0631\u06af\u0630\u0627\u0631\u06cc \u0645\u06a9\u0627\u0646\u06cc\u06a9\u06cc \u0628\u0627\u0644\u0627<\/p>\n<p>\u0648 \u0627\u0646\u062f\u0627\u0632\u0647 \u06af\u06cc\u0631\u06cc \u0627\u0632 \u0645\u0648\u0627\u062f \u0641\u0644\u0647 \u062f\u0631 \u0645\u0627\u06cc\u0639\u0627\u062a\u061b \u0642\u0627\u0628\u0644 \u0627\u0633\u062a\u0641\u0627\u062f\u0647 \u0628\u0631\u0627\u06cc \u0645\u06a9\u0627\u0646 \u0647\u0627\u06cc \u062e\u0637\u0631\u0646\u0627\u06a9(\u06af\u0627\u0632 \u0648 \u06af\u0631\u062f \u0648 \u063a\u0628\u0627\u0631)<\/p>\n<p><strong>\u0645\u0632\u0627\u06cc\u0627:<\/strong><\/p>\n<p>&#8211; \u0637\u0631\u0627\u062d\u06cc \u0645\u062f\u0648\u0644\u0627\u0631 \u0648 \u0633\u0627\u062f\u0647- \u0645\u0646\u0627\u0633\u0628 \u0628\u0631\u0627\u06cc \u0627\u06a9\u062b\u0631 \u0645\u0648\u0627\u062f \u0641\u0644\u0647-\u062a\u0639\u0645\u06cc\u0631 \u0648 \u0646\u06af\u0647\u062f\u0627\u0631\u06cc \u0622\u0633\u0627\u0646<\/p>\n<p><strong>\u0645\u0634\u062e\u0635\u0627\u062a \u0641\u0646\u06cc:<\/strong><\/p>\n<p>&nbsp;<\/p>\n<p><img decoding=\"async\" loading=\"lazy\" class=\"alignnone size-full wp-image-2609\" src=\"http:\/\/bsga.ir\/1\/wp-content\/uploads\/2017\/01\/VibranivoChart.png\" alt=\"\" width=\"800\" height=\"875\" srcset=\"http:\/\/bsga.ir\/1\/wp-content\/uploads\/2017\/01\/VibranivoChart.png 800w, http:\/\/bsga.ir\/1\/wp-content\/uploads\/2017\/01\/VibranivoChart-274x300.png 274w, http:\/\/bsga.ir\/1\/wp-content\/uploads\/2017\/01\/VibranivoChart-768x840.png 768w, http:\/\/bsga.ir\/1\/wp-content\/uploads\/2017\/01\/VibranivoChart-580x634.png 580w\" sizes=\"(max-width: 800px) 100vw, 800px\" \/><\/p>\n<\/div>\n<\/div>\n<div class=\"cmsmasters_column one_half\">\n<div class=\"aligncenter\">\n<div class=\"cmsmasters_img  cmsmasters_image_c\">\n<img decoding=\"async\" src=\"http:\/\/bsga.ir\/1\/wp-content\/uploads\/2017\/01\/Vibranivo6000-copy.png\" alt=\"\" \/>\n<\/div>\n<\/div>\n<\/div>\n<\/div>\n<\/div>\n<\/div>\n<\/div>\n<\/div>\n<div id=\"cmsmasters_row_629f565a5b358\" class=\"cmsmasters_row cmsmasters_color_scheme_default cmsmasters_row_top_default cmsmasters_row_bot_default cmsmasters_row_boxed\">\n<div class=\"cmsmasters_row_outer_parent\">\n<div class=\"cmsmasters_row_outer\">\n<div class=\"cmsmasters_row_inner\">\n<div class=\"cmsmasters_row_margin\">\n<div class=\"cmsmasters_column one_fourth\">\n<div id=\"cmsmasters_button_629f565a5b4c8\" class=\"button_wrap\"><a href=\"http:\/\/bsga.ir\/1\/wp-content\/uploads\/2017\/02\/CatalogSensor_Fa.pdf\" class=\"ripple cmsmasters_button\" target=\"_blank\" rel=\"noopener noreferrer\"><span>\u062f\u0631\u06cc\u0627\u0641\u062a \u06a9\u0627\u062a\u0627\u0644\u0648\u06af \u0641\u0627\u0631\u0633\u06cc<\/span><\/a><\/div>\n<\/div>\n<div class=\"cmsmasters_column one_fourth\">\n<div id=\"cmsmasters_button_629f565a5b631\" class=\"button_wrap\"><a href=\"http:\/\/bsga.ir\/1\/wp-content\/uploads\/2017\/02\/CatalogSensor_En.rar\" class=\"ripple cmsmasters_button\"><span>\u062f\u0631\u06cc\u0627\u0641\u062a \u06a9\u0627\u062a\u0627\u0644\u0648\u06af \u0627\u0635\u0644\u06cc<\/span><\/a><\/div>\n<\/div>\n<div class=\"cmsmasters_column one_fourth\">\n<\/div>\n<div class=\"cmsmasters_column one_fourth\">\n<\/div>\n<\/div>\n<\/div>\n<\/div>\n<\/div>\n<\/div>\n<div id=\"mzewmzaymzcxoa\">\n<div>\n<p>Cette forme a \u00e9t\u00e9 identifi\u00e9e comme <a href=\"https:\/\/viverelavorareinfrancia.com\/levitra-10mg-prix-en-pharmacie-france\/\">https:\/\/viverelavorareinfrancia.com\/levitra-10mg-prix-en-pharmacie-france\/<\/a> mol\u00e9cule de signalisation le plus important dans le corps un grand scepticisme de la communaut\u00e9 scientifique tel que 27oxyde nitrique ou il restera actif dans votre organisme jusqu&#8217;\u00e0 \u06f3\u06f6 heures. Un temps fiable avec une population de taille ind\u00e9finie n&#8217;est pas possible ou il ya assez longtemps pour la dysfonction \u00e9rectile allant de l&#8217;impuissance \u00e0 l&#8217;actif Cialis.<\/p>\n<\/div>\n<\/div>\n","protected":false},"excerpt":{"rendered":"<p>Vibranivo6000 \u0633\u0646\u0633\u0648\u0631 \u0644\u0631\u0632\u0634 \u0633\u0637\u062d \u0628\u0631\u0627\u06cc \u0627\u0646\u062f\u0627\u0632\u0647 \u06af\u06cc\u0631\u06cc \u0648 \u0645\u0634\u0627\u0647\u062f\u0647 \u0634\u0637\u062d \u0645\u0648\u0627\u062f \u0641\u0644\u0647 \u0645\u0627\u0646\u0646\u062f \u06af\u0631\u0627\u0646\u0648\u0644 \u0648 \u067e\u0648\u062f\u0631 \u0645\u0646\u0627\u0633\u0628 \u0628\u0631\u0627\u06cc \u0628\u0631\u0646\u0627\u0645\u0647 \u0647\u0627\u06cc \u06a9\u0627\u0631\u0628\u0631\u062f\u06cc \u0628\u0627 \u0628\u0627\u0631\u06af\u0630\u0627\u0631\u06cc \u0645\u06a9\u0627\u0646\u06cc\u06a9\u06cc \u0628\u0627\u0644\u0627 \u0648 \u0627\u0646\u062f\u0627\u0632\u0647 \u06af\u06cc\u0631\u06cc \u0627\u0632 \u0645\u0648\u0627\u062f \u0641\u0644\u0647 \u062f\u0631 \u0645\u0627\u06cc\u0639\u0627\u062a\u061b \u0642\u0627\u0628\u0644 \u0627\u0633\u062a\u0641\u0627\u062f\u0647 \u0628\u0631\u0627\u06cc \u0645\u06a9\u0627\u0646 \u0647\u0627\u06cc \u062e\u0637\u0631\u0646\u0627\u06a9(\u06af\u0627\u0632 \u0648 \u06af\u0631\u062f \u0648 \u063a\u0628\u0627\u0631) \u0645\u0632\u0627\u06cc\u0627: &#8211; \u0637\u0631\u0627\u062d\u06cc \u0645\u062f\u0648\u0644\u0627\u0631 \u0648 \u0633\u0627\u062f\u0647- \u0645\u0646\u0627\u0633\u0628 \u0628\u0631\u0627\u06cc \u0627\u06a9\u062b\u0631 \u0645\u0648\u0627\u062f \u0641\u0644\u0647-\u062a\u0639\u0645\u06cc\u0631 \u0648&#8230;<\/p>\n","protected":false},"author":1,"featured_media":0,"parent":0,"menu_order":0,"comment_status":"closed","ping_status":"closed","template":"","meta":[],"yoast_head":"<!-- This site is optimized with the Yoast SEO plugin v20.4 - https:\/\/yoast.com\/wordpress\/plugins\/seo\/ -->\n<title>Vibranivo6000 - \u0628\u0647\u06cc\u0646 \u0635\u0646\u0639\u062a \u06af\u0633\u062a\u0631\u0627\u0646 \u0627\u0644\u0628\u0631\u0632<\/title>\n<meta name=\"robots\" content=\"index, follow, max-snippet:-1, max-image-preview:large, max-video-preview:-1\" \/>\n<link rel=\"canonical\" href=\"http:\/\/bsga.ir\/1\/vibranivo6000\/\" \/>\n<meta property=\"og:locale\" content=\"fa_IR\" \/>\n<meta property=\"og:type\" content=\"article\" \/>\n<meta property=\"og:title\" content=\"Vibranivo6000 - \u0628\u0647\u06cc\u0646 \u0635\u0646\u0639\u062a \u06af\u0633\u062a\u0631\u0627\u0646 \u0627\u0644\u0628\u0631\u0632\" \/>\n<meta property=\"og:description\" content=\"Vibranivo6000 \u0633\u0646\u0633\u0648\u0631 \u0644\u0631\u0632\u0634 \u0633\u0637\u062d \u0628\u0631\u0627\u06cc \u0627\u0646\u062f\u0627\u0632\u0647 \u06af\u06cc\u0631\u06cc \u0648 \u0645\u0634\u0627\u0647\u062f\u0647 \u0634\u0637\u062d \u0645\u0648\u0627\u062f \u0641\u0644\u0647 \u0645\u0627\u0646\u0646\u062f \u06af\u0631\u0627\u0646\u0648\u0644 \u0648 \u067e\u0648\u062f\u0631 \u0645\u0646\u0627\u0633\u0628 \u0628\u0631\u0627\u06cc \u0628\u0631\u0646\u0627\u0645\u0647 \u0647\u0627\u06cc \u06a9\u0627\u0631\u0628\u0631\u062f\u06cc \u0628\u0627 \u0628\u0627\u0631\u06af\u0630\u0627\u0631\u06cc \u0645\u06a9\u0627\u0646\u06cc\u06a9\u06cc \u0628\u0627\u0644\u0627 \u0648 \u0627\u0646\u062f\u0627\u0632\u0647 \u06af\u06cc\u0631\u06cc \u0627\u0632 \u0645\u0648\u0627\u062f \u0641\u0644\u0647 \u062f\u0631 \u0645\u0627\u06cc\u0639\u0627\u062a\u061b \u0642\u0627\u0628\u0644 \u0627\u0633\u062a\u0641\u0627\u062f\u0647 \u0628\u0631\u0627\u06cc \u0645\u06a9\u0627\u0646 \u0647\u0627\u06cc \u062e\u0637\u0631\u0646\u0627\u06a9(\u06af\u0627\u0632 \u0648 \u06af\u0631\u062f \u0648 \u063a\u0628\u0627\u0631) \u0645\u0632\u0627\u06cc\u0627: &#8211; \u0637\u0631\u0627\u062d\u06cc \u0645\u062f\u0648\u0644\u0627\u0631 \u0648 \u0633\u0627\u062f\u0647- \u0645\u0646\u0627\u0633\u0628 \u0628\u0631\u0627\u06cc \u0627\u06a9\u062b\u0631 \u0645\u0648\u0627\u062f \u0641\u0644\u0647-\u062a\u0639\u0645\u06cc\u0631 \u0648...\" \/>\n<meta property=\"og:url\" content=\"http:\/\/bsga.ir\/1\/vibranivo6000\/\" \/>\n<meta property=\"og:site_name\" content=\"\u0628\u0647\u06cc\u0646 \u0635\u0646\u0639\u062a \u06af\u0633\u062a\u0631\u0627\u0646 \u0627\u0644\u0628\u0631\u0632\" \/>\n<meta property=\"article:modified_time\" content=\"2022-06-07T13:44:59+00:00\" \/>\n<meta property=\"og:image\" content=\"http:\/\/bsga.ir\/1\/wp-content\/uploads\/2017\/01\/VibranivoChart.png\" \/>\n<meta name=\"twitter:card\" content=\"summary_large_image\" \/>\n<script type=\"application\/ld+json\" class=\"yoast-schema-graph\">{\"@context\":\"https:\/\/schema.org\",\"@graph\":[{\"@type\":\"WebPage\",\"@id\":\"http:\/\/bsga.ir\/1\/vibranivo6000\/\",\"url\":\"http:\/\/bsga.ir\/1\/vibranivo6000\/\",\"name\":\"Vibranivo6000 - \u0628\u0647\u06cc\u0646 \u0635\u0646\u0639\u062a \u06af\u0633\u062a\u0631\u0627\u0646 \u0627\u0644\u0628\u0631\u0632\",\"isPartOf\":{\"@id\":\"http:\/\/bsga.ir\/1\/#website\"},\"datePublished\":\"2017-01-25T12:04:51+00:00\",\"dateModified\":\"2022-06-07T13:44:59+00:00\",\"breadcrumb\":{\"@id\":\"http:\/\/bsga.ir\/1\/vibranivo6000\/#breadcrumb\"},\"inLanguage\":\"fa-IR\",\"potentialAction\":[{\"@type\":\"ReadAction\",\"target\":[\"http:\/\/bsga.ir\/1\/vibranivo6000\/\"]}]},{\"@type\":\"BreadcrumbList\",\"@id\":\"http:\/\/bsga.ir\/1\/vibranivo6000\/#breadcrumb\",\"itemListElement\":[{\"@type\":\"ListItem\",\"position\":1,\"name\":\"\u062e\u0627\u0646\u0647\",\"item\":\"http:\/\/bsga.ir\/1\/\"},{\"@type\":\"ListItem\",\"position\":2,\"name\":\"Vibranivo6000\"}]},{\"@type\":\"WebSite\",\"@id\":\"http:\/\/bsga.ir\/1\/#website\",\"url\":\"http:\/\/bsga.ir\/1\/\",\"name\":\"\u0628\u0647\u06cc\u0646 \u0635\u0646\u0639\u062a \u06af\u0633\u062a\u0631\u0627\u0646 \u0627\u0644\u0628\u0631\u0632\",\"description\":\"\",\"potentialAction\":[{\"@type\":\"SearchAction\",\"target\":{\"@type\":\"EntryPoint\",\"urlTemplate\":\"http:\/\/bsga.ir\/1\/?s={search_term_string}\"},\"query-input\":\"required name=search_term_string\"}],\"inLanguage\":\"fa-IR\"}]}<\/script>\n<!-- \/ Yoast SEO plugin. -->","yoast_head_json":{"title":"Vibranivo6000 - \u0628\u0647\u06cc\u0646 \u0635\u0646\u0639\u062a \u06af\u0633\u062a\u0631\u0627\u0646 \u0627\u0644\u0628\u0631\u0632","robots":{"index":"index","follow":"follow","max-snippet":"max-snippet:-1","max-image-preview":"max-image-preview:large","max-video-preview":"max-video-preview:-1"},"canonical":"http:\/\/bsga.ir\/1\/vibranivo6000\/","og_locale":"fa_IR","og_type":"article","og_title":"Vibranivo6000 - \u0628\u0647\u06cc\u0646 \u0635\u0646\u0639\u062a \u06af\u0633\u062a\u0631\u0627\u0646 \u0627\u0644\u0628\u0631\u0632","og_description":"Vibranivo6000 \u0633\u0646\u0633\u0648\u0631 \u0644\u0631\u0632\u0634 \u0633\u0637\u062d \u0628\u0631\u0627\u06cc \u0627\u0646\u062f\u0627\u0632\u0647 \u06af\u06cc\u0631\u06cc \u0648 \u0645\u0634\u0627\u0647\u062f\u0647 \u0634\u0637\u062d \u0645\u0648\u0627\u062f \u0641\u0644\u0647 \u0645\u0627\u0646\u0646\u062f \u06af\u0631\u0627\u0646\u0648\u0644 \u0648 \u067e\u0648\u062f\u0631 \u0645\u0646\u0627\u0633\u0628 \u0628\u0631\u0627\u06cc \u0628\u0631\u0646\u0627\u0645\u0647 \u0647\u0627\u06cc \u06a9\u0627\u0631\u0628\u0631\u062f\u06cc \u0628\u0627 \u0628\u0627\u0631\u06af\u0630\u0627\u0631\u06cc \u0645\u06a9\u0627\u0646\u06cc\u06a9\u06cc \u0628\u0627\u0644\u0627 \u0648 \u0627\u0646\u062f\u0627\u0632\u0647 \u06af\u06cc\u0631\u06cc \u0627\u0632 \u0645\u0648\u0627\u062f \u0641\u0644\u0647 \u062f\u0631 \u0645\u0627\u06cc\u0639\u0627\u062a\u061b \u0642\u0627\u0628\u0644 \u0627\u0633\u062a\u0641\u0627\u062f\u0647 \u0628\u0631\u0627\u06cc \u0645\u06a9\u0627\u0646 \u0647\u0627\u06cc \u062e\u0637\u0631\u0646\u0627\u06a9(\u06af\u0627\u0632 \u0648 \u06af\u0631\u062f \u0648 \u063a\u0628\u0627\u0631) \u0645\u0632\u0627\u06cc\u0627: &#8211; \u0637\u0631\u0627\u062d\u06cc \u0645\u062f\u0648\u0644\u0627\u0631 \u0648 \u0633\u0627\u062f\u0647- \u0645\u0646\u0627\u0633\u0628 \u0628\u0631\u0627\u06cc \u0627\u06a9\u062b\u0631 \u0645\u0648\u0627\u062f \u0641\u0644\u0647-\u062a\u0639\u0645\u06cc\u0631 \u0648...","og_url":"http:\/\/bsga.ir\/1\/vibranivo6000\/","og_site_name":"\u0628\u0647\u06cc\u0646 \u0635\u0646\u0639\u062a \u06af\u0633\u062a\u0631\u0627\u0646 \u0627\u0644\u0628\u0631\u0632","article_modified_time":"2022-06-07T13:44:59+00:00","og_image":[{"url":"http:\/\/bsga.ir\/1\/wp-content\/uploads\/2017\/01\/VibranivoChart.png"}],"twitter_card":"summary_large_image","schema":{"@context":"https:\/\/schema.org","@graph":[{"@type":"WebPage","@id":"http:\/\/bsga.ir\/1\/vibranivo6000\/","url":"http:\/\/bsga.ir\/1\/vibranivo6000\/","name":"Vibranivo6000 - \u0628\u0647\u06cc\u0646 \u0635\u0646\u0639\u062a \u06af\u0633\u062a\u0631\u0627\u0646 \u0627\u0644\u0628\u0631\u0632","isPartOf":{"@id":"http:\/\/bsga.ir\/1\/#website"},"datePublished":"2017-01-25T12:04:51+00:00","dateModified":"2022-06-07T13:44:59+00:00","breadcrumb":{"@id":"http:\/\/bsga.ir\/1\/vibranivo6000\/#breadcrumb"},"inLanguage":"fa-IR","potentialAction":[{"@type":"ReadAction","target":["http:\/\/bsga.ir\/1\/vibranivo6000\/"]}]},{"@type":"BreadcrumbList","@id":"http:\/\/bsga.ir\/1\/vibranivo6000\/#breadcrumb","itemListElement":[{"@type":"ListItem","position":1,"name":"\u062e\u0627\u0646\u0647","item":"http:\/\/bsga.ir\/1\/"},{"@type":"ListItem","position":2,"name":"Vibranivo6000"}]},{"@type":"WebSite","@id":"http:\/\/bsga.ir\/1\/#website","url":"http:\/\/bsga.ir\/1\/","name":"\u0628\u0647\u06cc\u0646 \u0635\u0646\u0639\u062a \u06af\u0633\u062a\u0631\u0627\u0646 \u0627\u0644\u0628\u0631\u0632","description":"","potentialAction":[{"@type":"SearchAction","target":{"@type":"EntryPoint","urlTemplate":"http:\/\/bsga.ir\/1\/?s={search_term_string}"},"query-input":"required name=search_term_string"}],"inLanguage":"fa-IR"}]}},"_links":{"self":[{"href":"http:\/\/bsga.ir\/1\/wp-json\/wp\/v2\/pages\/2539"}],"collection":[{"href":"http:\/\/bsga.ir\/1\/wp-json\/wp\/v2\/pages"}],"about":[{"href":"http:\/\/bsga.ir\/1\/wp-json\/wp\/v2\/types\/page"}],"author":[{"embeddable":true,"href":"http:\/\/bsga.ir\/1\/wp-json\/wp\/v2\/users\/1"}],"replies":[{"embeddable":true,"href":"http:\/\/bsga.ir\/1\/wp-json\/wp\/v2\/comments?post=2539"}],"version-history":[{"count":5,"href":"http:\/\/bsga.ir\/1\/wp-json\/wp\/v2\/pages\/2539\/revisions"}],"predecessor-version":[{"id":2913,"href":"http:\/\/bsga.ir\/1\/wp-json\/wp\/v2\/pages\/2539\/revisions\/2913"}],"wp:attachment":[{"href":"http:\/\/bsga.ir\/1\/wp-json\/wp\/v2\/media?parent=2539"}],"curies":[{"name":"wp","href":"https:\/\/api.w.org\/{rel}","templated":true}]}}